{"id":3662,"date":"2024-01-31T19:25:15","date_gmt":"2024-01-31T19:25:15","guid":{"rendered":"https:\/\/ehiabarcelona.es\/sitemap"},"modified":"2024-04-29T15:07:56","modified_gmt":"2024-04-29T15:07:56","slug":"sitemap","status":"publish","type":"page","link":"https:\/\/ehiabarcelona.es\/ca\/sitemap\/","title":{"rendered":"Sitemap"},"content":{"rendered":"\t\t<div data-elementor-type=\"wp-page\" data-elementor-id=\"3662\" class=\"elementor elementor-3662 elementor-1716\" data-elementor-post-type=\"page\">\n\t\t\t\t<div class=\"elementor-element elementor-element-6217846 e-con-full e-flex e-con e-parent\" data-id=\"6217846\" data-element_type=\"container\">\n\t\t\t\t<div class=\"elementor-element elementor-element-9f3e84e elementor-widget elementor-widget-heading\" data-id=\"9f3e84e\" data-element_type=\"widget\" data-widget_type=\"heading.default\">\n\t\t\t\t<div class=\"elementor-widget-container\">\n\t\t\t\t\t<h1 class=\"elementor-heading-title elementor-size-default\">Sitemap<\/h1>\t\t\t\t<\/div>\n\t\t\t\t<\/div>\n\t\t\t\t<div class=\"elementor-element elementor-element-37b37f7 elementor-widget elementor-widget-text-editor\" data-id=\"37b37f7\" data-element_type=\"widget\" data-widget_type=\"text-editor.default\">\n\t\t\t\t<div class=\"elementor-widget-container\">\n\t\t\t\t\t\t\t\t\t<p>Aquest arxiu organitzat proporciona una visi\u00f3 completa de l&#8217;estructura del lloc, facilitant als motors de cerca la indexaci\u00f3 i comprensi\u00f3 eficients. Explorar aquest recurs no sols et permet accedir a informaci\u00f3 espec\u00edfica de p\u00e0gines, sin\u00f3 tamb\u00e9 a una \u00e0mplia gamma d&#8217;opcions de ioga i ter\u00e0pies disponibles<\/p>\n\t\t\t\t\t\t\t\t<\/div>\n\t\t\t\t<\/div>\n\t\t<div class=\"elementor-element elementor-element-bf803e3 e-con-full e-flex e-con e-child\" data-id=\"bf803e3\" data-element_type=\"container\">\n\t\t<div class=\"elementor-element elementor-element-9c2dfea e-flex e-con-boxed e-con e-child\" data-id=\"9c2dfea\" data-element_type=\"container\">\n\t\t\t\t\t<div class=\"e-con-inner\">\n\t\t\t\t<div class=\"elementor-element elementor-element-7ddea96 elementor-widget__width-inherit elementor-widget elementor-widget-sitemap\" data-id=\"7ddea96\" data-element_type=\"widget\" data-widget_type=\"sitemap.default\">\n\t\t\t\t<div class=\"elementor-widget-container\">\n\t\t\t\t\t<div class=\"elementor-sitemap-wrap\"><div class=\"elementor-sitemap-section\"><h2 class=\"elementor-sitemap-title elementor-sitemap-page-title\">P\u00e1ginas<\/h2><ul class=\"elementor-sitemap-list elementor-sitemap-page-list\"><li class=\"elementor-sitemap-item elementor-sitemap-item-page page_item page-item-6088\"><a href=\"https:\/\/ehiabarcelona.es\/ca\/lloguer-sales\/\">Lloguer de sales a Barcelona<\/a><\/li><li class=\"elementor-sitemap-item elementor-sitemap-item-page page_item page-item-4517\"><a href=\"https:\/\/ehiabarcelona.es\/ca\/gracies-per-subscriuret\/\">Gr\u00e0cies per subscriure&#8217;t<\/a><\/li><li class=\"elementor-sitemap-item elementor-sitemap-item-page page_item page-item-3555\"><a href=\"https:\/\/ehiabarcelona.es\/ca\/politica-de-cookies\/\">Pol\u00edtica de Cookies<\/a><\/li><li class=\"elementor-sitemap-item elementor-sitemap-item-page page_item page-item-3557\"><a href=\"https:\/\/ehiabarcelona.es\/ca\/politica-de-privacitat\/\">Pol\u00edtica de Privacitat<\/a><\/li><li class=\"elementor-sitemap-item elementor-sitemap-item-page page_item page-item-3553\"><a href=\"https:\/\/ehiabarcelona.es\/ca\/avis-legal\/\">Av\u00eds Legal<\/a><\/li><li class=\"elementor-sitemap-item elementor-sitemap-item-page page_item page-item-3662\"><a href=\"https:\/\/ehiabarcelona.es\/ca\/sitemap\/\">Sitemap<\/a><\/li><li class=\"elementor-sitemap-item elementor-sitemap-item-page page_item page-item-3618\"><a href=\"https:\/\/ehiabarcelona.es\/ca\/sobre-nosaltres\/\">Sobre Nosaltres<\/a><\/li><li class=\"elementor-sitemap-item elementor-sitemap-item-page page_item page-item-3551\"><a href=\"https:\/\/ehiabarcelona.es\/ca\/contacte\/\">Contacte<\/a><\/li><li class=\"elementor-sitemap-item elementor-sitemap-item-page page_item page-item-3544\"><a href=\"https:\/\/ehiabarcelona.es\/ca\/lloga-el-teu-espai\/\">Lloga el teu espai<\/a><\/li><li class=\"elementor-sitemap-item elementor-sitemap-item-page page_item page-item-3563\"><a href=\"https:\/\/ehiabarcelona.es\/ca\/terapies\/\">Ter\u00e0pies<\/a><\/li><li class=\"elementor-sitemap-item elementor-sitemap-item-page page_item page-item-3605\"><a href=\"https:\/\/ehiabarcelona.es\/ca\/ioga\/\">Ioga en Ehi\u00e4<\/a><\/li><li class=\"elementor-sitemap-item elementor-sitemap-item-page page_item page-item-3536\"><a href=\"https:\/\/ehiabarcelona.es\/ca\/\">Ehi\u00e4 Ioga Barcelona<\/a><\/li><\/ul><\/div><\/div>\t\t\t\t<\/div>\n\t\t\t\t<\/div>\n\t\t\t\t\t<\/div>\n\t\t\t\t<\/div>\n\t\t<div class=\"elementor-element elementor-element-e6ca66e e-flex e-con-boxed e-con e-child\" data-id=\"e6ca66e\" data-element_type=\"container\">\n\t\t\t\t\t<div class=\"e-con-inner\">\n\t\t\t\t<div class=\"elementor-element elementor-element-6668f33 elementor-widget__width-inherit elementor-widget elementor-widget-sitemap\" data-id=\"6668f33\" data-element_type=\"widget\" data-widget_type=\"sitemap.default\">\n\t\t\t\t<div class=\"elementor-widget-container\">\n\t\t\t\t\t<div class=\"elementor-sitemap-wrap\"><div class=\"elementor-sitemap-section\"><h2 class=\"elementor-sitemap-title elementor-sitemap-clases-title\">Yogas<\/h2><ul class=\"elementor-sitemap-list elementor-sitemap-clases-list\"><li class=\"elementor-sitemap-item elementor-sitemap-item-clases page_item page-item-4107\"><a href=\"https:\/\/ehiabarcelona.es\/ca\/classes\/ioga-per-a-nens\/\">Ioga per a nens<\/a><\/li><li class=\"elementor-sitemap-item elementor-sitemap-item-clases page_item page-item-4108\"><a href=\"https:\/\/ehiabarcelona.es\/ca\/classes\/ioga-per-a-adolescents\/\">Ioga per a adolescents<\/a><\/li><li class=\"elementor-sitemap-item elementor-sitemap-item-clases page_item page-item-4109\"><a href=\"https:\/\/ehiabarcelona.es\/ca\/classes\/ioga-en-familia\/\">Ioga en fam\u00edlia<\/a><\/li><li class=\"elementor-sitemap-item elementor-sitemap-item-clases page_item page-item-4110\"><a href=\"https:\/\/ehiabarcelona.es\/ca\/classes\/ioga-en-el-postpart\/\">Ioga en el postpart<\/a><\/li><li class=\"elementor-sitemap-item elementor-sitemap-item-clases page_item page-item-4111\"><a href=\"https:\/\/ehiabarcelona.es\/ca\/classes\/hatha-vinyasa-ioga\/\">Hatha Vinyasa Ioga<\/a><\/li><li class=\"elementor-sitemap-item elementor-sitemap-item-clases page_item page-item-4112\"><a href=\"https:\/\/ehiabarcelona.es\/ca\/classes\/yin-ioga\/\">Yin Ioga<\/a><\/li><li class=\"elementor-sitemap-item elementor-sitemap-item-clases page_item page-item-4113\"><a href=\"https:\/\/ehiabarcelona.es\/ca\/classes\/kundalini-ioga\/\">Kundalini Ioga<\/a><\/li><li class=\"elementor-sitemap-item elementor-sitemap-item-clases page_item page-item-4114\"><a href=\"https:\/\/ehiabarcelona.es\/ca\/classes\/hatha-ioga\/\">Hatha Ioga<\/a><\/li><li class=\"elementor-sitemap-item elementor-sitemap-item-clases page_item page-item-4115\"><a href=\"https:\/\/ehiabarcelona.es\/ca\/classes\/ioga-en-el-embaras\/\">Ioga en l&#8217;embar\u00e0s<\/a><\/li><\/ul><\/div><\/div>\t\t\t\t<\/div>\n\t\t\t\t<\/div>\n\t\t\t\t\t<\/div>\n\t\t\t\t<\/div>\n\t\t\t\t<\/div>\n\t\t\t\t<\/div>\n\t\t\t\t<\/div>\n\t\t","protected":false},"excerpt":{"rendered":"<p>Sitemap Aquest arxiu organitzat proporciona una visi\u00f3 completa de l&#8217;estructura del lloc, facilitant als motors de cerca la indexaci\u00f3 i comprensi\u00f3 eficients. Explorar aquest recurs no sols et permet accedir a informaci\u00f3 espec\u00edfica de p\u00e0gines, sin\u00f3 tamb\u00e9 a una \u00e0mplia gamma d&#8217;opcions de ioga i ter\u00e0pies disponibles<\/p>\n","protected":false},"author":3,"featured_media":0,"parent":0,"menu_order":0,"comment_status":"closed","ping_status":"closed","template":"elementor_header_footer","meta":{"_acf_changed":false,"_mo_disable_npp":"","footnotes":""},"class_list":["post-3662","page","type-page","status-publish","hentry"],"acf":[],"yoast_head":"<!-- This site is optimized with the Yoast SEO plugin v24.6 - https:\/\/yoast.com\/wordpress\/plugins\/seo\/ -->\n<title>Sitemap - Ehi\u00e4 yoga y espacios<\/title>\n<meta name=\"robots\" content=\"index, follow, max-snippet:-1, max-image-preview:large, max-video-preview:-1\" \/>\n<link rel=\"canonical\" href=\"https:\/\/ehiabarcelona.es\/ca\/sitemap\/\" \/>\n<meta property=\"og:locale\" content=\"ca_ES\" \/>\n<meta property=\"og:type\" content=\"article\" \/>\n<meta property=\"og:title\" content=\"Sitemap - Ehi\u00e4 yoga y espacios\" \/>\n<meta property=\"og:description\" content=\"Sitemap Aquest arxiu organitzat proporciona una visi\u00f3 completa de l&#8217;estructura del lloc, facilitant als motors de cerca la indexaci\u00f3 i comprensi\u00f3 eficients. Explorar aquest recurs no sols et permet accedir a informaci\u00f3 espec\u00edfica de p\u00e0gines, sin\u00f3 tamb\u00e9 a una \u00e0mplia gamma d&#8217;opcions de ioga i ter\u00e0pies disponibles\" \/>\n<meta property=\"og:url\" content=\"https:\/\/ehiabarcelona.es\/ca\/sitemap\/\" \/>\n<meta property=\"og:site_name\" content=\"Ehi\u00e4 yoga y espacios\" \/>\n<meta property=\"article:modified_time\" content=\"2024-04-29T15:07:56+00:00\" \/>\n<meta property=\"og:image\" content=\"https:\/\/ehiabarcelona.es\/wp-content\/uploads\/2024\/01\/DSC4433-scaled.jpg\" \/>\n\t<meta property=\"og:image:width\" content=\"2560\" \/>\n\t<meta property=\"og:image:height\" content=\"1709\" \/>\n\t<meta property=\"og:image:type\" content=\"image\/jpeg\" \/>\n<meta name=\"twitter:card\" content=\"summary_large_image\" \/>\n<meta name=\"twitter:label1\" content=\"Temps estimat de lectura\" \/>\n\t<meta name=\"twitter:data1\" content=\"1 minut\" \/>\n<script type=\"application\/ld+json\" class=\"yoast-schema-graph\">{\"@context\":\"https:\/\/schema.org\",\"@graph\":[{\"@type\":\"WebPage\",\"@id\":\"https:\/\/ehiabarcelona.es\/ca\/sitemap\/\",\"url\":\"https:\/\/ehiabarcelona.es\/ca\/sitemap\/\",\"name\":\"Sitemap - Ehi\u00e4 yoga y espacios\",\"isPartOf\":{\"@id\":\"https:\/\/ehiabarcelona.es\/ca\/#website\"},\"datePublished\":\"2024-01-31T19:25:15+00:00\",\"dateModified\":\"2024-04-29T15:07:56+00:00\",\"breadcrumb\":{\"@id\":\"https:\/\/ehiabarcelona.es\/ca\/sitemap\/#breadcrumb\"},\"inLanguage\":\"ca\",\"potentialAction\":[{\"@type\":\"ReadAction\",\"target\":[\"https:\/\/ehiabarcelona.es\/ca\/sitemap\/\"]}]},{\"@type\":\"BreadcrumbList\",\"@id\":\"https:\/\/ehiabarcelona.es\/ca\/sitemap\/#breadcrumb\",\"itemListElement\":[{\"@type\":\"ListItem\",\"position\":1,\"name\":\"Portada\",\"item\":\"https:\/\/ehiabarcelona.es\/ca\/\"},{\"@type\":\"ListItem\",\"position\":2,\"name\":\"Sitemap\"}]},{\"@type\":\"WebSite\",\"@id\":\"https:\/\/ehiabarcelona.es\/ca\/#website\",\"url\":\"https:\/\/ehiabarcelona.es\/ca\/\",\"name\":\"Ehi\u00e4 Yoga Barcelona\",\"description\":\"Ehi\u00e4 Ioga, ter\u00e0pies i lloguer d&#039;espais a Barcelona.\",\"publisher\":{\"@id\":\"https:\/\/ehiabarcelona.es\/ca\/#organization\"},\"alternateName\":\"Ehi\u00e4 Yoga y Espacios\",\"potentialAction\":[{\"@type\":\"SearchAction\",\"target\":{\"@type\":\"EntryPoint\",\"urlTemplate\":\"https:\/\/ehiabarcelona.es\/ca\/?s={search_term_string}\"},\"query-input\":{\"@type\":\"PropertyValueSpecification\",\"valueRequired\":true,\"valueName\":\"search_term_string\"}}],\"inLanguage\":\"ca\"},{\"@type\":\"Organization\",\"@id\":\"https:\/\/ehiabarcelona.es\/ca\/#organization\",\"name\":\"Ehi\u00e4 Yoga\",\"alternateName\":\"Ehi\u00e4\",\"url\":\"https:\/\/ehiabarcelona.es\/ca\/\",\"logo\":{\"@type\":\"ImageObject\",\"inLanguage\":\"ca\",\"@id\":\"https:\/\/ehiabarcelona.es\/ca\/#\/schema\/logo\/image\/\",\"url\":\"https:\/\/ehiabarcelona.es\/wp-content\/uploads\/2024\/01\/logo-marron.png\",\"contentUrl\":\"https:\/\/ehiabarcelona.es\/wp-content\/uploads\/2024\/01\/logo-marron.png\",\"width\":801,\"height\":801,\"caption\":\"Ehi\u00e4 Yoga\"},\"image\":{\"@id\":\"https:\/\/ehiabarcelona.es\/ca\/#\/schema\/logo\/image\/\"},\"sameAs\":[\"https:\/\/www.instagram.com\/ehia.yoga\/\"]}]}<\/script>\n<!-- \/ Yoast SEO plugin. -->","yoast_head_json":{"title":"Sitemap - Ehi\u00e4 yoga y espacios","robots":{"index":"index","follow":"follow","max-snippet":"max-snippet:-1","max-image-preview":"max-image-preview:large","max-video-preview":"max-video-preview:-1"},"canonical":"https:\/\/ehiabarcelona.es\/ca\/sitemap\/","og_locale":"ca_ES","og_type":"article","og_title":"Sitemap - Ehi\u00e4 yoga y espacios","og_description":"Sitemap Aquest arxiu organitzat proporciona una visi\u00f3 completa de l&#8217;estructura del lloc, facilitant als motors de cerca la indexaci\u00f3 i comprensi\u00f3 eficients. Explorar aquest recurs no sols et permet accedir a informaci\u00f3 espec\u00edfica de p\u00e0gines, sin\u00f3 tamb\u00e9 a una \u00e0mplia gamma d&#8217;opcions de ioga i ter\u00e0pies disponibles","og_url":"https:\/\/ehiabarcelona.es\/ca\/sitemap\/","og_site_name":"Ehi\u00e4 yoga y espacios","article_modified_time":"2024-04-29T15:07:56+00:00","og_image":[{"width":2560,"height":1709,"url":"https:\/\/ehiabarcelona.es\/wp-content\/uploads\/2024\/01\/DSC4433-scaled.jpg","type":"image\/jpeg"}],"twitter_card":"summary_large_image","twitter_misc":{"Temps estimat de lectura":"1 minut"},"schema":{"@context":"https:\/\/schema.org","@graph":[{"@type":"WebPage","@id":"https:\/\/ehiabarcelona.es\/ca\/sitemap\/","url":"https:\/\/ehiabarcelona.es\/ca\/sitemap\/","name":"Sitemap - Ehi\u00e4 yoga y espacios","isPartOf":{"@id":"https:\/\/ehiabarcelona.es\/ca\/#website"},"datePublished":"2024-01-31T19:25:15+00:00","dateModified":"2024-04-29T15:07:56+00:00","breadcrumb":{"@id":"https:\/\/ehiabarcelona.es\/ca\/sitemap\/#breadcrumb"},"inLanguage":"ca","potentialAction":[{"@type":"ReadAction","target":["https:\/\/ehiabarcelona.es\/ca\/sitemap\/"]}]},{"@type":"BreadcrumbList","@id":"https:\/\/ehiabarcelona.es\/ca\/sitemap\/#breadcrumb","itemListElement":[{"@type":"ListItem","position":1,"name":"Portada","item":"https:\/\/ehiabarcelona.es\/ca\/"},{"@type":"ListItem","position":2,"name":"Sitemap"}]},{"@type":"WebSite","@id":"https:\/\/ehiabarcelona.es\/ca\/#website","url":"https:\/\/ehiabarcelona.es\/ca\/","name":"Ehi\u00e4 Yoga Barcelona","description":"Ehi\u00e4 Ioga, ter\u00e0pies i lloguer d&#039;espais a Barcelona.","publisher":{"@id":"https:\/\/ehiabarcelona.es\/ca\/#organization"},"alternateName":"Ehi\u00e4 Yoga y Espacios","potentialAction":[{"@type":"SearchAction","target":{"@type":"EntryPoint","urlTemplate":"https:\/\/ehiabarcelona.es\/ca\/?s={search_term_string}"},"query-input":{"@type":"PropertyValueSpecification","valueRequired":true,"valueName":"search_term_string"}}],"inLanguage":"ca"},{"@type":"Organization","@id":"https:\/\/ehiabarcelona.es\/ca\/#organization","name":"Ehi\u00e4 Yoga","alternateName":"Ehi\u00e4","url":"https:\/\/ehiabarcelona.es\/ca\/","logo":{"@type":"ImageObject","inLanguage":"ca","@id":"https:\/\/ehiabarcelona.es\/ca\/#\/schema\/logo\/image\/","url":"https:\/\/ehiabarcelona.es\/wp-content\/uploads\/2024\/01\/logo-marron.png","contentUrl":"https:\/\/ehiabarcelona.es\/wp-content\/uploads\/2024\/01\/logo-marron.png","width":801,"height":801,"caption":"Ehi\u00e4 Yoga"},"image":{"@id":"https:\/\/ehiabarcelona.es\/ca\/#\/schema\/logo\/image\/"},"sameAs":["https:\/\/www.instagram.com\/ehia.yoga\/"]}]}},"_links":{"self":[{"href":"https:\/\/ehiabarcelona.es\/ca\/wp-json\/wp\/v2\/pages\/3662","targetHints":{"allow":["GET"]}}],"collection":[{"href":"https:\/\/ehiabarcelona.es\/ca\/wp-json\/wp\/v2\/pages"}],"about":[{"href":"https:\/\/ehiabarcelona.es\/ca\/wp-json\/wp\/v2\/types\/page"}],"author":[{"embeddable":true,"href":"https:\/\/ehiabarcelona.es\/ca\/wp-json\/wp\/v2\/users\/3"}],"replies":[{"embeddable":true,"href":"https:\/\/ehiabarcelona.es\/ca\/wp-json\/wp\/v2\/comments?post=3662"}],"version-history":[{"count":7,"href":"https:\/\/ehiabarcelona.es\/ca\/wp-json\/wp\/v2\/pages\/3662\/revisions"}],"predecessor-version":[{"id":4165,"href":"https:\/\/ehiabarcelona.es\/ca\/wp-json\/wp\/v2\/pages\/3662\/revisions\/4165"}],"wp:attachment":[{"href":"https:\/\/ehiabarcelona.es\/ca\/wp-json\/wp\/v2\/media?parent=3662"}],"curies":[{"name":"wp","href":"https:\/\/api.w.org\/{rel}","templated":true}]}}