{"id":3555,"date":"2024-02-05T10:02:37","date_gmt":"2024-02-05T10:02:37","guid":{"rendered":"https:\/\/ehiabarcelona.es\/politica-de-cookies"},"modified":"2024-03-04T13:14:35","modified_gmt":"2024-03-04T13:14:35","slug":"politica-de-cookies","status":"publish","type":"page","link":"https:\/\/ehiabarcelona.es\/ca\/politica-de-cookies\/","title":{"rendered":"Pol\u00edtica de Cookies"},"content":{"rendered":"\t\t<div data-elementor-type=\"wp-page\" data-elementor-id=\"3555\" class=\"elementor elementor-3555 elementor-1884\" data-elementor-post-type=\"page\">\n\t\t\t\t<div class=\"elementor-element elementor-element-85cf23f e-con-full e-flex e-con e-parent\" data-id=\"85cf23f\" data-element_type=\"container\">\n\t\t\t\t<div class=\"elementor-element elementor-element-d573fd3 elementor-widget elementor-widget-text-editor\" data-id=\"d573fd3\" data-element_type=\"widget\" data-widget_type=\"text-editor.default\">\n\t\t\t\t<div class=\"elementor-widget-container\">\n\t\t\t\t\t\t\t\t\t<div class=\"nv-page-title-wrap nv-big-title\">\n<div class=\"nv-page-title \">\n<h1>Pol\u00edtica de cookies<\/h1>\n<\/div>\n<\/div>\n<div class=\"nv-content-wrap entry-content\">\n<p>En aquesta web recopilo i utilitzo la informaci\u00f3 segons indico en la meva pol\u00edtica de privacitat. Una de les formes en les quals va recopilar informaci\u00f3 \u00e9s a trav\u00e9s de l&#8217;\u00fas de la tecnologia anomenada \u201ccookies\u201d. En Ehia Ioga , s&#8217;utilitzen cookies per a diverses coses.<\/p>\n<h2 class=\"wp-block-heading\">Qu\u00e8 \u00e9s una cookie?<\/h2>\n<p>Una \u201ccookie\u201d \u00e9s una petita quantitat de text que s&#8217;emmagatzema en el teu navegador (com Chrome de Google o Safari d&#8217;Apple) quan navegues per la majoria dels llocs web.<\/p>\n<h2 class=\"wp-block-heading\">Qu\u00e8 NO \u00e9s una cookie?<\/h2>\n<p>No \u00e9s un virus, ni un troi\u00e0, ni un cuc, ni spam, ni spyware, ni obre finestres pop-up.<\/p>\n<h2 class=\"wp-block-heading\">Quina informaci\u00f3 emmagatzema una cookie?<\/h2>\n<p>Les cookies no solen emmagatzemar informaci\u00f3 sensible sobre tu, com a targetes de cr\u00e8dit o dades banc\u00e0ries, fotografies o informaci\u00f3 personal, etc. Les dades que guarden s\u00f3n de car\u00e0cter t\u00e8cnic, estad\u00edstics, prefer\u00e8ncies personals, personalitzaci\u00f3 de continguts, etc.<\/p>\n<p>El servidor web no t&#8217;associa a tu com a persona sin\u00f3 al teu navegador web. De fet, si navegues habitualment amb el navegador Chrome i proves de navegar per la mateixa web amb el navegador Firefox, veur\u00e0s que la web no s&#8217;adona que \u00e9s ets la mateixa persona perqu\u00e8 en realitat est\u00e0 associant la informaci\u00f3 al navegador, no a la persona.<\/p>\n<h2 class=\"wp-block-heading\">Cookies acceptades per la normativa i cookies exceptuades<\/h2>\n<p>Segons la directiva de la UE, les cookies que requereixen el consentiment informat per part de l&#8217;usuari s\u00f3n les cookies d&#8217;anal\u00edtica i les de publicitat i afiliaci\u00f3, quedant exceptuades les de car\u00e0cter t\u00e8cnic i les necess\u00e0ries per al funcionament del lloc web o la prestaci\u00f3 de serveis expressament sol\u00b7licitats per l&#8217;usuari.<\/p>\n<h2 class=\"wp-block-heading\">Quin tipus de cookies existeixen?<\/h2>\n<ul>\n<li><strong>Cookies t\u00e8cniques:<\/strong> S\u00f3n les m\u00e9s elementals i permeten, entre altres coses, saber quan est\u00e0 navegant un hum\u00e0 o una aplicaci\u00f3 automatitzada, quan navega un usuari an\u00f2nim i un registrat, tasques b\u00e0siques per al funcionament de qualsevol web din\u00e0mica.<\/li>\n<li><strong>Cookies d&#8217;an\u00e0lisis:<\/strong> Recullen informaci\u00f3 sobre el tipus de navegaci\u00f3 que est\u00e0 realitzant, les seccions que m\u00e9s utilitza, productes consultats, franja hor\u00e0ria d&#8217;\u00fas, idioma, etc.<\/li>\n<li><strong>Cookies publicit\u00e0ries:<\/strong> Mostren publicitat en funci\u00f3 de la seva navegaci\u00f3, el seu pa\u00eds de proced\u00e8ncia, idioma, etc.<\/li>\n<\/ul>\n<h2 class=\"wp-block-heading\">Qu\u00e8 s\u00f3n les cookies pr\u00f2pies i les de tercers?<\/h2>\n<p>Les cookies pr\u00f2pies s\u00f3n les generades per la p\u00e0gina que est\u00e0 visitant i les de tercers s\u00f3n les generades per serveis o prove\u00efdors externs com Mailchimp, Mailrelay, Facebook, Twitter, Google adsense, etc.<\/p>\n<h2 class=\"wp-block-heading\">Cookies acceptades per la normativa i cookies exceptuades<\/h2>\n<p>Segons la directiva de la UE, les cookies que requereixen el consentiment informat per part de l&#8217;usuari s\u00f3n les cookies d&#8217;anal\u00edtica i les de publicitat i afiliaci\u00f3, quedant exceptuades les de car\u00e0cter t\u00e8cnic i les necess\u00e0ries per al funcionament del lloc web o la prestaci\u00f3 de serveis expressament sol\u00b7licitats per l&#8217;usuari.<\/p>\n<h2 class=\"wp-block-heading\">Quines cookies utilitza aquesta web?<\/h2>\n<p>Aquesta web utilitza cookies pr\u00f2pies i de tercers. En aquest lloc web s&#8217;utilitzen les seg\u00fcents cookies que es detallen a continuaci\u00f3:<\/p>\n<h2 class=\"wp-block-heading\">Cookies pr\u00f2pies:<\/h2>\n<p><strong>Inici de sessi\u00f3:<\/strong> Les cookies per a iniciar sessi\u00f3 et permeten entrar i sortir del teu compte de Ehia Ioga.<\/p>\n<p><strong>Personalitzaci\u00f3:<\/strong> Les cookies m&#8217;ajuden a recordar amb quines persones o llocs web has interactuat, perqu\u00e8 pugui mostrar-te contingut relacionat.<\/p>\n<p><strong>Prefer\u00e8ncies:<\/strong> Les cookies em permeten recordar els teus ajustos i prefer\u00e8ncies, com l&#8217;idioma preferit i la teva configuraci\u00f3 de privacitat.<\/p>\n<p><strong>Seguretat:<\/strong> Utilitzo cookies per a evitar-te riscos de seguretat. Principalment per a detectar quan alg\u00fa est\u00e0 intentant piratejar el teu compte de Ehia Ioga.<\/p>\n<h2 class=\"wp-block-heading\">Cookies de tercers<\/h2>\n<p>Aquesta web utilitza serveis d&#8217;an\u00e0lisis, concretament, Google Analytics per a ajudar el website a analitzar l&#8217;\u00fas que fan els usuaris del lloc web i millorar la usabilitat d&#8217;aquest, per\u00f2 en cap cas s&#8217;associen a dades que poguessin arribar a identificar a l&#8217;usuari. Google Analytics, \u00e9s un servei anal\u00edtic de web prestat per Google, Inc., L&#8217;usuari pot consultar <a href=\"https:\/\/www.google.es\/intl\/es\/policies\/technologies\/types\/\" target=\"_blank\" rel=\"noreferrer noopener\">aqu\u00ed<\/a> el tipus de cookies utilitzades per Google.<\/p>\n<p>Ehia S.C.P \u00e9s usuari de la plataforma de subministrament i allotjament de blogs <strong>WordPress<\/strong>, propietat de l&#8217;empresa nord-americana Automattic, Inc. A tals efectes, els usos de tals cookies pels sistemes mai estan baix control o gesti\u00f3 del responsable de la web, poden canviar la seva funci\u00f3 en qualsevol moment, i entrar cookies noves. Aquestes cookies tampoc reporten al responsable d&#8217;aquesta web benefici cap. Automattic, Inc., utilitza a m\u00e9s altres cookies amb la finalitat d&#8217;ajudar a identificar i rastrejar als visitants dels llocs de <strong>WordPress<\/strong>, con\u00e8ixer l&#8217;\u00fas que fan del lloc web de Automattic, aix\u00ed com les seves prefer\u00e8ncies d&#8217;acc\u00e9s a aquest, tal com es recull en l&#8217;apartat \u201cCookies\u201d de la seva pol\u00edtica de privacitat.<\/p>\n<p>Les cookies de xarxes socials poden emmagatzemar-se en el seu navegador mentre navega per https:\/\/ehia.ioga per exemple, quan utilitza el bot\u00f3 de compartir continguts d&#8217;https:\/\/ehia.ioga en alguna xarxa social.<br \/>A continuaci\u00f3 tens informaci\u00f3 sobre les cookies de les xarxes socials que utilitza aquesta web en les seves pr\u00f2pies pol\u00edtiques de cookies:<\/p>\n<ul>\n<li>Cookies de Facebook, veure m\u00e9s informaci\u00f3 en la seva <a href=\"https:\/\/www.facebook.com\/policies\/cookies\/\" target=\"_blank\" rel=\"noreferrer noopener\">pol\u00edtica de cookies<\/a><\/li>\n<li>Cookies d&#8217;Instagram, veure m\u00e9s informaci\u00f3 en la seva <a href=\"https:\/\/www.facebook.com\/policies\/cookies\/\" target=\"_blank\" rel=\"noreferrer noopener\">pol\u00edtica de cookies<\/a><\/li>\n<li>Cookies de Google+, veure m\u00e9s informaci\u00f3 en la seva <a href=\"http:\/\/www.google.com\/intl\/es\/policies\/technologies\/types\/\" target=\"_blank\" rel=\"noreferrer noopener\">pol\u00edtica de cookies<\/a><\/li>\n<li>Cookies de Linkedin, veure m\u00e9s informaci\u00f3 en la seva <a href=\"https:\/\/www.linkedin.com\/legal\/cookie-policy?trk=hp-cookies\" target=\"_blank\" rel=\"noreferrer noopener\">pol\u00edtica de cookies<\/a><\/li>\n<li>Cookies de Youtube, veure m\u00e9s informaci\u00f3 en la seva <a href=\"http:\/\/www.google.com\/intl\/es\/policies\/technologies\/types\/\" target=\"_blank\" rel=\"noreferrer noopener\">pol\u00edtica de cookies<\/a><\/li>\n<li>Cookies de iVoox<\/li>\n<\/ul>\n<p>Tinc un programa d&#8217;afiliaci\u00f3 propi mitjan\u00e7ant l&#8217;aplicaci\u00f3 desenvolupada sobre wordpress <strong>WP Affiliate<\/strong>. Utilitzem cookies de navegador per a fer seguiment de les vendes que van tenir origen en altres web per a la venda d&#8217;afiliaci\u00f3 dels nostres productes.<\/p>\n<p>Aquestes cookies permeten que detecti l&#8217;origen de les vendes del meu programa d&#8217;afiliats.<\/p>\n<h2 class=\"wp-block-heading\">Es poden eliminar les cookies?<\/h2>\n<p>S\u00ed, i no sols eliminar, tamb\u00e9 bloquejar, de manera general o particular per a un domini espec\u00edfic.<br \/>Per a eliminar les cookies d&#8217;un lloc web ha d&#8217;anar a la configuraci\u00f3 del seu navegador i all\u00ed podr\u00e0 buscar les associades al domini en q\u00fcesti\u00f3 i procedir a la seva eliminaci\u00f3.<\/p>\n<ul>\n<li>Configuraci\u00f3 de cookies per a <a href=\"http:\/\/support.google.com\/chrome\/bin\/answer.py?hl=es&amp;answer=95647\" target=\"_blank\" rel=\"noreferrer noopener\">Google Chrome<\/a><\/li>\n<li>Configuraci\u00f3 de cookies per a <a href=\"https:\/\/support.apple.com\/es-es\/HT201265\" target=\"_blank\" rel=\"noreferrer noopener\">Apple Safari<\/a><\/li>\n<li>Configuraci\u00f3 de cookies per a <a href=\"https:\/\/support.microsoft.com\/en-us\/help\/17442\/windows-internet-explorer-delete-manage-cookies#ie=ie-10\" target=\"_blank\" rel=\"noreferrer noopener\">Internet Explorer<\/a><\/li>\n<li>Configuraci\u00f3 de cookies par a <a href=\"https:\/\/support.mozilla.org\/es\/kb\/habilitar-y-deshabilitar-cookies-sitios-web-rastrear-preferencias?redirectlocale=es&amp;redirectslug=habilitar-y-deshabilitar-cookies-que-los-sitios-we\" target=\"_blank\" rel=\"noreferrer noopener\">Mozilla Firefox<\/a><\/li>\n<\/ul>\n<h2 class=\"wp-block-heading\">Configurar o Deshabilitar les cookies<\/h2>\n<p>Com a usuari tens la possibilitat, en tot moment, de configurar el teu navegador per a ser avisat de la recepci\u00f3 de cookies i per a impedir la seva instal\u00b7laci\u00f3 en el teu equip, o revocar el consentiment prestat pr\u00e8viament. No obstant aix\u00f2, la deshabilitaci\u00f3n de les mateixes podria modificar el funcionament de la p\u00e0gina web.<\/p>\n<p>Si us plau, consulti les instruccions i manuals del teu navegador per a ampliar aquesta informaci\u00f3 i con\u00e8ixer les diferents formes disponibles per a gestionar les cookies.<\/p>\n<h2 class=\"wp-block-heading\">M\u00e9s informaci\u00f3 sobre les cookies<\/h2>\n<p>Pots consultar el reglament sobre cookies publicat per l&#8217;Ag\u00e8ncia Espanyola de Protecci\u00f3 de Dades en el seu <a href=\"https:\/\/www.aepd.es\/sites\/default\/files\/2020-07\/guia-cookies.pdf\" target=\"_blank\" rel=\"noreferrer noopener\">\u201cGuia sobre l&#8217;\u00fas de les cookies\u201d<\/a>.<\/p>\n<p>Si desitja tenir un major control sobre la instal\u00b7laci\u00f3 de cookies, pot instal\u00b7lar programes o complements al seu navegador, coneguts com a eines de \u201cDo Not Track\u201d, que li permetran triar aquelles cookies que desitja permetre.<\/p>\n<p>Aquesta pol\u00edtica de cookies ha estat actualitzada per \u00faltima vegada el 06-02-2024.<\/p>\n<\/div>\n\t\t\t\t\t\t\t\t<\/div>\n\t\t\t\t<\/div>\n\t\t\t\t<\/div>\n\t\t\t\t<\/div>\n\t\t","protected":false},"excerpt":{"rendered":"<p>Pol\u00edtica de cookies En aquesta web recopilo i utilitzo la informaci\u00f3 segons indico en la meva pol\u00edtica de privacitat. Una de les formes en les quals va recopilar informaci\u00f3 \u00e9s a trav\u00e9s de l&#8217;\u00fas de la tecnologia anomenada \u201ccookies\u201d. En Ehia Ioga , s&#8217;utilitzen cookies per a diverses coses. Qu\u00e8 \u00e9s una cookie? Una \u201ccookie\u201d [&hellip;]<\/p>\n","protected":false},"author":2,"featured_media":0,"parent":0,"menu_order":0,"comment_status":"closed","ping_status":"closed","template":"elementor_header_footer","meta":{"_acf_changed":false,"_mo_disable_npp":"","footnotes":""},"class_list":["post-3555","page","type-page","status-publish","hentry"],"acf":[],"yoast_head":"<!-- This site is optimized with the Yoast SEO plugin v24.6 - https:\/\/yoast.com\/wordpress\/plugins\/seo\/ -->\n<title>Pol\u00edtica de Cookies - Ehi\u00e4 yoga y espacios<\/title>\n<meta name=\"robots\" content=\"noindex, follow\" \/>\n<meta property=\"og:locale\" content=\"ca_ES\" \/>\n<meta property=\"og:type\" content=\"article\" \/>\n<meta property=\"og:title\" content=\"Pol\u00edtica de Cookies - Ehi\u00e4 yoga y espacios\" \/>\n<meta property=\"og:description\" content=\"Pol\u00edtica de cookies En aquesta web recopilo i utilitzo la informaci\u00f3 segons indico en la meva pol\u00edtica de privacitat. Una de les formes en les quals va recopilar informaci\u00f3 \u00e9s a trav\u00e9s de l&#8217;\u00fas de la tecnologia anomenada \u201ccookies\u201d. En Ehia Ioga , s&#8217;utilitzen cookies per a diverses coses. Qu\u00e8 \u00e9s una cookie? Una \u201ccookie\u201d [&hellip;]\" \/>\n<meta property=\"og:url\" content=\"https:\/\/ehiabarcelona.es\/ca\/politica-de-cookies\/\" \/>\n<meta property=\"og:site_name\" content=\"Ehi\u00e4 yoga y espacios\" \/>\n<meta property=\"article:modified_time\" content=\"2024-03-04T13:14:35+00:00\" \/>\n<meta property=\"og:image\" content=\"https:\/\/ehiabarcelona.es\/wp-content\/uploads\/2024\/01\/DSC4433-scaled.jpg\" \/>\n\t<meta property=\"og:image:width\" content=\"2560\" \/>\n\t<meta property=\"og:image:height\" content=\"1709\" \/>\n\t<meta property=\"og:image:type\" content=\"image\/jpeg\" \/>\n<meta name=\"twitter:card\" content=\"summary_large_image\" \/>\n<meta name=\"twitter:label1\" content=\"Temps estimat de lectura\" \/>\n\t<meta name=\"twitter:data1\" content=\"6 minuts\" \/>\n<script type=\"application\/ld+json\" class=\"yoast-schema-graph\">{\"@context\":\"https:\/\/schema.org\",\"@graph\":[{\"@type\":\"WebPage\",\"@id\":\"https:\/\/ehiabarcelona.es\/ca\/politica-de-cookies\/\",\"url\":\"https:\/\/ehiabarcelona.es\/ca\/politica-de-cookies\/\",\"name\":\"Pol\u00edtica de Cookies - Ehi\u00e4 yoga y espacios\",\"isPartOf\":{\"@id\":\"https:\/\/ehiabarcelona.es\/ca\/#website\"},\"datePublished\":\"2024-02-05T10:02:37+00:00\",\"dateModified\":\"2024-03-04T13:14:35+00:00\",\"breadcrumb\":{\"@id\":\"https:\/\/ehiabarcelona.es\/ca\/politica-de-cookies\/#breadcrumb\"},\"inLanguage\":\"ca\",\"potentialAction\":[{\"@type\":\"ReadAction\",\"target\":[\"https:\/\/ehiabarcelona.es\/ca\/politica-de-cookies\/\"]}]},{\"@type\":\"BreadcrumbList\",\"@id\":\"https:\/\/ehiabarcelona.es\/ca\/politica-de-cookies\/#breadcrumb\",\"itemListElement\":[{\"@type\":\"ListItem\",\"position\":1,\"name\":\"Portada\",\"item\":\"https:\/\/ehiabarcelona.es\/ca\/\"},{\"@type\":\"ListItem\",\"position\":2,\"name\":\"Pol\u00edtica de Cookies\"}]},{\"@type\":\"WebSite\",\"@id\":\"https:\/\/ehiabarcelona.es\/ca\/#website\",\"url\":\"https:\/\/ehiabarcelona.es\/ca\/\",\"name\":\"Ehi\u00e4 Yoga Barcelona\",\"description\":\"Ehi\u00e4 Ioga, ter\u00e0pies i lloguer d&#039;espais a Barcelona.\",\"publisher\":{\"@id\":\"https:\/\/ehiabarcelona.es\/ca\/#organization\"},\"alternateName\":\"Ehi\u00e4 Yoga y Espacios\",\"potentialAction\":[{\"@type\":\"SearchAction\",\"target\":{\"@type\":\"EntryPoint\",\"urlTemplate\":\"https:\/\/ehiabarcelona.es\/ca\/?s={search_term_string}\"},\"query-input\":{\"@type\":\"PropertyValueSpecification\",\"valueRequired\":true,\"valueName\":\"search_term_string\"}}],\"inLanguage\":\"ca\"},{\"@type\":\"Organization\",\"@id\":\"https:\/\/ehiabarcelona.es\/ca\/#organization\",\"name\":\"Ehi\u00e4 Yoga\",\"alternateName\":\"Ehi\u00e4\",\"url\":\"https:\/\/ehiabarcelona.es\/ca\/\",\"logo\":{\"@type\":\"ImageObject\",\"inLanguage\":\"ca\",\"@id\":\"https:\/\/ehiabarcelona.es\/ca\/#\/schema\/logo\/image\/\",\"url\":\"https:\/\/ehiabarcelona.es\/wp-content\/uploads\/2024\/01\/logo-marron.png\",\"contentUrl\":\"https:\/\/ehiabarcelona.es\/wp-content\/uploads\/2024\/01\/logo-marron.png\",\"width\":801,\"height\":801,\"caption\":\"Ehi\u00e4 Yoga\"},\"image\":{\"@id\":\"https:\/\/ehiabarcelona.es\/ca\/#\/schema\/logo\/image\/\"},\"sameAs\":[\"https:\/\/www.instagram.com\/ehia.yoga\/\"]}]}<\/script>\n<!-- \/ Yoast SEO plugin. -->","yoast_head_json":{"title":"Pol\u00edtica de Cookies - Ehi\u00e4 yoga y espacios","robots":{"index":"noindex","follow":"follow"},"og_locale":"ca_ES","og_type":"article","og_title":"Pol\u00edtica de Cookies - Ehi\u00e4 yoga y espacios","og_description":"Pol\u00edtica de cookies En aquesta web recopilo i utilitzo la informaci\u00f3 segons indico en la meva pol\u00edtica de privacitat. Una de les formes en les quals va recopilar informaci\u00f3 \u00e9s a trav\u00e9s de l&#8217;\u00fas de la tecnologia anomenada \u201ccookies\u201d. En Ehia Ioga , s&#8217;utilitzen cookies per a diverses coses. Qu\u00e8 \u00e9s una cookie? Una \u201ccookie\u201d [&hellip;]","og_url":"https:\/\/ehiabarcelona.es\/ca\/politica-de-cookies\/","og_site_name":"Ehi\u00e4 yoga y espacios","article_modified_time":"2024-03-04T13:14:35+00:00","og_image":[{"width":2560,"height":1709,"url":"https:\/\/ehiabarcelona.es\/wp-content\/uploads\/2024\/01\/DSC4433-scaled.jpg","type":"image\/jpeg"}],"twitter_card":"summary_large_image","twitter_misc":{"Temps estimat de lectura":"6 minuts"},"schema":{"@context":"https:\/\/schema.org","@graph":[{"@type":"WebPage","@id":"https:\/\/ehiabarcelona.es\/ca\/politica-de-cookies\/","url":"https:\/\/ehiabarcelona.es\/ca\/politica-de-cookies\/","name":"Pol\u00edtica de Cookies - Ehi\u00e4 yoga y espacios","isPartOf":{"@id":"https:\/\/ehiabarcelona.es\/ca\/#website"},"datePublished":"2024-02-05T10:02:37+00:00","dateModified":"2024-03-04T13:14:35+00:00","breadcrumb":{"@id":"https:\/\/ehiabarcelona.es\/ca\/politica-de-cookies\/#breadcrumb"},"inLanguage":"ca","potentialAction":[{"@type":"ReadAction","target":["https:\/\/ehiabarcelona.es\/ca\/politica-de-cookies\/"]}]},{"@type":"BreadcrumbList","@id":"https:\/\/ehiabarcelona.es\/ca\/politica-de-cookies\/#breadcrumb","itemListElement":[{"@type":"ListItem","position":1,"name":"Portada","item":"https:\/\/ehiabarcelona.es\/ca\/"},{"@type":"ListItem","position":2,"name":"Pol\u00edtica de Cookies"}]},{"@type":"WebSite","@id":"https:\/\/ehiabarcelona.es\/ca\/#website","url":"https:\/\/ehiabarcelona.es\/ca\/","name":"Ehi\u00e4 Yoga Barcelona","description":"Ehi\u00e4 Ioga, ter\u00e0pies i lloguer d&#039;espais a Barcelona.","publisher":{"@id":"https:\/\/ehiabarcelona.es\/ca\/#organization"},"alternateName":"Ehi\u00e4 Yoga y Espacios","potentialAction":[{"@type":"SearchAction","target":{"@type":"EntryPoint","urlTemplate":"https:\/\/ehiabarcelona.es\/ca\/?s={search_term_string}"},"query-input":{"@type":"PropertyValueSpecification","valueRequired":true,"valueName":"search_term_string"}}],"inLanguage":"ca"},{"@type":"Organization","@id":"https:\/\/ehiabarcelona.es\/ca\/#organization","name":"Ehi\u00e4 Yoga","alternateName":"Ehi\u00e4","url":"https:\/\/ehiabarcelona.es\/ca\/","logo":{"@type":"ImageObject","inLanguage":"ca","@id":"https:\/\/ehiabarcelona.es\/ca\/#\/schema\/logo\/image\/","url":"https:\/\/ehiabarcelona.es\/wp-content\/uploads\/2024\/01\/logo-marron.png","contentUrl":"https:\/\/ehiabarcelona.es\/wp-content\/uploads\/2024\/01\/logo-marron.png","width":801,"height":801,"caption":"Ehi\u00e4 Yoga"},"image":{"@id":"https:\/\/ehiabarcelona.es\/ca\/#\/schema\/logo\/image\/"},"sameAs":["https:\/\/www.instagram.com\/ehia.yoga\/"]}]}},"_links":{"self":[{"href":"https:\/\/ehiabarcelona.es\/ca\/wp-json\/wp\/v2\/pages\/3555","targetHints":{"allow":["GET"]}}],"collection":[{"href":"https:\/\/ehiabarcelona.es\/ca\/wp-json\/wp\/v2\/pages"}],"about":[{"href":"https:\/\/ehiabarcelona.es\/ca\/wp-json\/wp\/v2\/types\/page"}],"author":[{"embeddable":true,"href":"https:\/\/ehiabarcelona.es\/ca\/wp-json\/wp\/v2\/users\/2"}],"replies":[{"embeddable":true,"href":"https:\/\/ehiabarcelona.es\/ca\/wp-json\/wp\/v2\/comments?post=3555"}],"version-history":[{"count":1,"href":"https:\/\/ehiabarcelona.es\/ca\/wp-json\/wp\/v2\/pages\/3555\/revisions"}],"predecessor-version":[{"id":3556,"href":"https:\/\/ehiabarcelona.es\/ca\/wp-json\/wp\/v2\/pages\/3555\/revisions\/3556"}],"wp:attachment":[{"href":"https:\/\/ehiabarcelona.es\/ca\/wp-json\/wp\/v2\/media?parent=3555"}],"curies":[{"name":"wp","href":"https:\/\/api.w.org\/{rel}","templated":true}]}}