{"id":3553,"date":"2024-02-05T10:02:07","date_gmt":"2024-02-05T10:02:07","guid":{"rendered":"https:\/\/ehiabarcelona.es\/avis-legal"},"modified":"2024-03-04T13:02:50","modified_gmt":"2024-03-04T13:02:50","slug":"avis-legal","status":"publish","type":"page","link":"https:\/\/ehiabarcelona.es\/ca\/avis-legal\/","title":{"rendered":"Av\u00eds Legal"},"content":{"rendered":"\t\t<div data-elementor-type=\"wp-page\" data-elementor-id=\"3553\" class=\"elementor elementor-3553 elementor-1880\" data-elementor-post-type=\"page\">\n\t\t\t\t<div class=\"elementor-element elementor-element-c94485b e-con-full e-flex e-con e-parent\" data-id=\"c94485b\" data-element_type=\"container\">\n\t\t\t\t<div class=\"elementor-element elementor-element-6c20bab elementor-widget elementor-widget-text-editor\" data-id=\"6c20bab\" data-element_type=\"widget\" data-widget_type=\"text-editor.default\">\n\t\t\t\t<div class=\"elementor-widget-container\">\n\t\t\t\t\t\t\t\t\t<div class=\"nv-page-title-wrap nv-big-title\">\n<div class=\"nv-page-title \">\n<h1>Av\u00eds Legal<\/h1>\n<\/div>\n<\/div>\n<div class=\"nv-content-wrap entry-content\">\n<h2 class=\"wp-block-heading\">Dades del Responsable<\/h2>\n<ul>\n<li><strong>Identitat del Responsable:<\/strong> EHIA S.C.P<\/li>\n<li><strong>Nom comercial:<\/strong> EHIA IOGA<\/li>\n<li><strong>NIF\/CIF:<\/strong> J67219519<\/li>\n<li><strong>Adre\u00e7a:<\/strong> Duquessa d&#8217;Orleans 40-46 baixos, Barcelona (Barcelona, ESPANYA)<\/li>\n<li><strong>Correu electr\u00f2nic:<\/strong> ehiabcn@gmail.com<\/li>\n<li><strong>Inscrita en el Registre Mercantil<\/strong> de Barcelona, en el 2019<\/li>\n<\/ul>\n<p>En aquest espai, l&#8217;usuari, podr\u00e0 trobar tota la informaci\u00f3 relativa als termes i condicions legals que defineixen les relacions entre els usuaris i jo com a responsable d&#8217;aquesta web. Com a usuari, \u00e9s important que coneguis aquests termes abans de continuar la teva navegaci\u00f3.<\/p>\n<p>Ehia Ioga (EHIA S.C.P) com a responsable d&#8217;aquesta web, assumeixo el comprom\u00eds de processar la informaci\u00f3 dels meus usuaris i clients amb plenes garanties i complir amb els requisits nacionals i europeus que regulen la recopilaci\u00f3 i \u00fas de les dades personals dels meus usuaris.<\/p>\n<p>Aquesta web, per tant, compleix rigorosament amb el Reglament (UE) 2016\/679 del Parlament Europeu i del Consell de 27 d&#8217;abril de 2016 relatiu a la protecci\u00f3 de les persones f\u00edsiques (RGPD), la Llei org\u00e0nica 3\/2018, de 5 de desembre, de Protecci\u00f3 de Dades Personals i garantia dels drets digitals (LOPDGDD), aix\u00ed com amb la Llei 34\/2002, d&#8217;11 de juliol, de Serveis de la Societat de la Informaci\u00f3 i Comer\u00e7 Electr\u00f2nic (LSSICE o LSSI).<\/p>\n<h2 class=\"wp-block-heading\">Condicions generals d&#8217;\u00fas<\/h2>\n<p>Les presents Condicions Generals regulen l&#8217;\u00fas (incloent el mer acc\u00e9s) de les p\u00e0gines de web, integrants del lloc web de Ehia Ioga inclosos els continguts i serveis posats a disposici\u00f3 en elles. Tota persona que accedeixi a la web, https:\/\/ehia.ioga (\u201cusuari\u201d) accepta sotmetre&#8217;s a les Condicions Generals vigents a cada moment del portal https:\/\/ehia.ioga<\/p>\n<h2 class=\"wp-block-heading\">Dades personals que recapto i com ho faig<\/h2>\n<p>Llegir Pol\u00edtica de Privacitat.<\/p>\n<h2 class=\"wp-block-heading\">Compromisos i obligacions dels usuaris<\/h2>\n<p>L&#8217;usuari queda informat, i accepta, que l&#8217;acc\u00e9s a la present web no suposa, de cap manera, l&#8217;inici d&#8217;una relaci\u00f3 comercial amb Ehia Ioga. D&#8217;aquesta manera, l&#8217;usuari es compromet a utilitzar el lloc web, els seus serveis i continguts sense contravenir la legislaci\u00f3 vigent, la bona fe i l&#8217;ordre p\u00fablic.<\/p>\n<p>Queda prohibit l&#8217;\u00fas de la web, amb finalitats il\u00b7l\u00edcits o lesius, o que, de qualsevol forma, puguin causar perjudici o impedir el normal funcionament del lloc web. Respecte dels continguts d&#8217;aquesta web, es prohibeix:<\/p>\n<ul>\n<li>La seva reproducci\u00f3, distribuci\u00f3 o modificaci\u00f3, total o parcial, tret que es compti amb la meva autoritzaci\u00f3 com a leg\u00edtim titular;<\/li>\n<li>Qualsevol vulneraci\u00f3 dels drets del prestador o del meu com a leg\u00edtim titular;<\/li>\n<li>La seva utilitzaci\u00f3 per a fins comercials o publicitaris.<\/li>\n<\/ul>\n<p>En la utilitzaci\u00f3 de la web, https:\/\/ehia.ioga l&#8217;usuari es compromet a no dur a terme <strong>cap conducta<\/strong> que pogu\u00e9s danyar la imatge, els interessos i els drets de Ehia Ioga o de tercers o que pogu\u00e9s danyar, inutilitzar o sobrecarregar el portal https:\/\/ehia.ioga o que imped\u00eds, de qualsevol forma, la normal utilitzaci\u00f3 de la web.<\/p>\n<p>No obstant aix\u00f2, l&#8217;usuari ha de ser conscient que les mesures de seguretat dels sistemes inform\u00e0tics en Internet no s\u00f3n enterament fiables i que, per tant https:\/\/ehia.ioga no pot garantir la inexist\u00e8ncia de malware o altres elements que puguin produir alteracions en els sistemes inform\u00e0tics (programari i maquinari) de l&#8217;usuari o en els seus documents electr\u00f2nics i fitxers continguts en els mateixos encara que poso tots els mitjans necessaris i les mesures de seguretat oportunes per a evitar la pres\u00e8ncia d&#8217;aquests elements nocius.<\/p>\n<h2 class=\"wp-block-heading\">Mesures de seguretat<\/h2>\n<p>Les dades personals comunicats per l&#8217;usuari a Ehia Ioga poden ser emmagatzemats en bases de dades automatitzades o no, la titularitat de les quals correspon en exclusiva a Ehia S.C.P, assumint aquesta totes les mesures d&#8217;\u00edndole t\u00e8cnica, organitzativa i de seguretat que garanteixen la confidencialitat, integritat i qualitat de la informaci\u00f3 continguda en les mateixes d&#8217;acord amb el que s&#8217;estableix en la normativa vigent en protecci\u00f3 de datos.la comunicaci\u00f3 entre els usuaris i https:\/\/ehia.ioga utilitza un canal segur, i les dades transmeses s\u00f3n xifrats gr\u00e0cies a protocols https, per tant, garanteixo les millors condicions de seguretat perqu\u00e8 la confidencialitat dels usuaris estigui garantida.<\/p>\n<h2 class=\"wp-block-heading\">Plataforma de resoluci\u00f3 de conflictes<\/h2>\n<p>Poso tamb\u00e9 a la disposici\u00f3 dels usuaris la plataforma de resoluci\u00f3 de litigis que facilita la Comissi\u00f3 Europea i que es troba disponible en el seg\u00fcent enlla\u00e7: <a href=\"http:\/\/ec.europa.eu\/consumers\/odr\/\" target=\"_blank\" rel=\"noreferrer noopener\">http:\/\/ec.europa.eu\/consumers\/odr\/<\/a><\/p>\n<h2 class=\"wp-block-heading\">Drets de propietat intel\u00b7lectual i industrial<\/h2>\n<p>En virtut de la Llei de Propietat Intel\u00b7lectual, queden expressament prohibides la reproducci\u00f3, la distribuci\u00f3 i la comunicaci\u00f3 p\u00fablica, inclosa la seva modalitat de posada a disposici\u00f3, de la totalitat o part dels continguts d&#8217;aquesta p\u00e0gina web, amb finalitats comercials, en qualsevol suport i per qualsevol mitj\u00e0 t\u00e8cnic, sense l&#8217;autoritzaci\u00f3 de Ehia Ioga. L&#8217;usuari es compromet a respectar els drets de Propietat Intel\u00b7lectual i Industrial titularitat de Ehia Ioga.<\/p>\n<p>L&#8217;usuari coneix i accepta que la totalitat del lloc web, contenint sense car\u00e0cter exhaustiu el text, programari, continguts (incloent estructura, selecci\u00f3, ordenaci\u00f3 i presentaci\u00f3 dels mateixos) podcast, fotografies, material audiovisual i gr\u00e0fics, est\u00e0 protegida per marques, drets d&#8217;autor i altres drets leg\u00edtims, d&#8217;acord amb els tractats internacionals en els quals Espanya \u00e9s part i altres drets de propietat i lleis d&#8217;Espanya.<\/p>\n<p>En el cas que un usuari o un tercer considerin que s&#8217;ha produ\u00eft una violaci\u00f3 dels seus leg\u00edtims drets de propietat intel\u00b7lectual per la introducci\u00f3 d&#8217;un determinat contingut en la web, haur\u00e0 de notificar aquesta circumst\u00e0ncia a Ehia Ioga indicant:<\/p>\n<ul>\n<li>Dades personals de l&#8217;interessat titular dels drets presumptament infringits, o indicar la representaci\u00f3 amb la qual actua en cas que la reclamaci\u00f3 la present un tercer diferent de l&#8217;interessat.<\/li>\n<li>Assenyalar els continguts protegits pels drets de propietat intel\u00b7lectual i la seva ubicaci\u00f3 en la web, l&#8217;acreditaci\u00f3 dels drets de propietat intel\u00b7lectual assenyalats i declaraci\u00f3 expressa en la qual l&#8217;interessat es responsabilitza de la veracitat de les informacions facilitades en la notificaci\u00f3.<\/li>\n<\/ul>\n<h2 class=\"wp-block-heading\">F\u00f2rum<\/h2>\n<p>https:\/\/ehia.ioga no soc responsable de cap contingut publicat en f\u00f2rum generat per qualsevol usuari ni dels seus comptes. El contingut rem\u00e8s expressa el punt de vista del seu autor \u00fanicament<\/p>\n<p>L&#8217;usuari accepta no usar aquest servei per a publicar o enlla\u00e7ar a qualsevol material difamatori, abusiu, d&#8217;odi, amena\u00e7ador, spam o similar a spam, susceptible d&#8217;ofendre, sigui contingut per a adults o censurable, contingui informaci\u00f3 personal d&#8217;uns altres, infringeixi els drets d&#8217;autor, estimuli l&#8217;activitat il\u00b7legal, o que violi de qualsevol altra manera qualsevol llei.<\/p>\n<p>https:\/\/ehia.ioga es reserva el dret d&#8217;eliminar o modificar qualsevol missatge publicat per qualsevol motiu i sense explicaci\u00f3. Les sol\u00b7licituds d&#8217;eliminaci\u00f3 o modificaci\u00f3 de contingut es duran a terme \u00fanicament al meu criteri o judici. Em reservar\u00e9 el dret a prendre mesures contra qualsevol compte en qualsevol moment.<\/p>\n<p>Tota la informaci\u00f3 o contingut que es remeti o pugi pot ser revisat per https:\/\/ehia.ioga. No has de remetre qualsevol contingut o informaci\u00f3 que consideri privada o confidencial.<\/p>\n<p>Ehia S.C.P. I MODERADORS NO ES FAN RESPONSABLES DE LES OPINIONS ABOCADES PELS USUARIS DEL F\u00d2RUM, \u00c9S UN F\u00d2RUM AMB LLIBERTAT D&#8217;EXPRESSI\u00d3 I LES OPINIONS S\u00d3N LLIURES I SUBJECTIVES<\/p>\n<h2 class=\"wp-block-heading\">Exclusi\u00f3 de garanties i responsable<\/h2>\n<p><strong>Ehia S.C.P (Ehia Ioga) no atorga cap garantia ni es fa responsable, en cap cas, dels danys i perjudicis de qualsevol naturalesa que poguessin portar causa de:<\/strong><\/p>\n<ul>\n<li>La falta de disponibilitat, manteniment i efectiu funcionament de la web, o dels seus serveis i continguts;<\/li>\n<li>L&#8217;exist\u00e8ncia de malware, programes maliciosos o lesius en els continguts;<\/li>\n<li>L&#8217;\u00fas il\u00b7l\u00edcit, negligent, fraudulent o contrari a aquest Av\u00eds Legal;<\/li>\n<li>La falta de licitud, qualitat, fiabilitat, utilitat i disponibilitat dels serveis prestats per tercers i llocs a la disposici\u00f3 dels usuaris en el lloc web.<\/li>\n<li>El prestador no es fa responsable en cap concepte dels danys que poguessin dimanar de l&#8217;\u00fas il\u00b7legal o indegut de la present p\u00e0gina web.<\/li>\n<\/ul>\n<h2 class=\"wp-block-heading\">Legislaci\u00f3 i fur aplicable<\/h2>\n<p>Amb car\u00e0cter general les relacions entre Ehia Ioga amb els usuaris dels seus serveis telem\u00e0tics, presents en aquesta web es troben sotmeses a la legislaci\u00f3 d&#8217;ESPANYA i als jutjats i tribunals de Barcelona.<\/p>\n<h2 class=\"wp-block-heading\">Contacte<\/h2>\n<p>En cas que qualsevol usuari tingu\u00e9s algun dubte sobre aquestes Condicions legals o qualsevol comentari sobre el portal https:\/\/ehia.ioga, si us plau dirigeixi&#8217;s a ehiabcn@gmail.com.<\/p>\n<p>L&#8217;av\u00eds legal han estat actualitzades per \u00faltima vegada el 31-10-2022.<\/p>\n<\/div>\n\t\t\t\t\t\t\t\t<\/div>\n\t\t\t\t<\/div>\n\t\t\t\t<\/div>\n\t\t\t\t<\/div>\n\t\t","protected":false},"excerpt":{"rendered":"<p>Av\u00eds Legal Dades del Responsable Identitat del Responsable: EHIA S.C.P Nom comercial: EHIA IOGA NIF\/CIF: J67219519 Adre\u00e7a: Duquessa d&#8217;Orleans 40-46 baixos, Barcelona (Barcelona, ESPANYA) Correu electr\u00f2nic: ehiabcn@gmail.com Inscrita en el Registre Mercantil de Barcelona, en el 2019 En aquest espai, l&#8217;usuari, podr\u00e0 trobar tota la informaci\u00f3 relativa als termes i condicions legals que defineixen les [&hellip;]<\/p>\n","protected":false},"author":2,"featured_media":0,"parent":0,"menu_order":0,"comment_status":"closed","ping_status":"closed","template":"elementor_header_footer","meta":{"_acf_changed":false,"_mo_disable_npp":"","footnotes":""},"class_list":["post-3553","page","type-page","status-publish","hentry"],"acf":[],"yoast_head":"<!-- This site is optimized with the Yoast SEO plugin v24.6 - https:\/\/yoast.com\/wordpress\/plugins\/seo\/ -->\n<title>Av\u00eds Legal - Ehi\u00e4 yoga y espacios<\/title>\n<meta name=\"robots\" content=\"noindex, follow\" \/>\n<meta property=\"og:locale\" content=\"ca_ES\" \/>\n<meta property=\"og:type\" content=\"article\" \/>\n<meta property=\"og:title\" content=\"Av\u00eds Legal - Ehi\u00e4 yoga y espacios\" \/>\n<meta property=\"og:description\" content=\"Av\u00eds Legal Dades del Responsable Identitat del Responsable: EHIA S.C.P Nom comercial: EHIA IOGA NIF\/CIF: J67219519 Adre\u00e7a: Duquessa d&#8217;Orleans 40-46 baixos, Barcelona (Barcelona, ESPANYA) Correu electr\u00f2nic: ehiabcn@gmail.com Inscrita en el Registre Mercantil de Barcelona, en el 2019 En aquest espai, l&#8217;usuari, podr\u00e0 trobar tota la informaci\u00f3 relativa als termes i condicions legals que defineixen les [&hellip;]\" \/>\n<meta property=\"og:url\" content=\"https:\/\/ehiabarcelona.es\/ca\/avis-legal\/\" \/>\n<meta property=\"og:site_name\" content=\"Ehi\u00e4 yoga y espacios\" \/>\n<meta property=\"article:modified_time\" content=\"2024-03-04T13:02:50+00:00\" \/>\n<meta property=\"og:image\" content=\"https:\/\/ehiabarcelona.es\/wp-content\/uploads\/2024\/01\/DSC4433-scaled.jpg\" \/>\n\t<meta property=\"og:image:width\" content=\"2560\" \/>\n\t<meta property=\"og:image:height\" content=\"1709\" \/>\n\t<meta property=\"og:image:type\" content=\"image\/jpeg\" \/>\n<meta name=\"twitter:card\" content=\"summary_large_image\" \/>\n<meta name=\"twitter:label1\" content=\"Temps estimat de lectura\" \/>\n\t<meta name=\"twitter:data1\" content=\"7 minuts\" \/>\n<script type=\"application\/ld+json\" class=\"yoast-schema-graph\">{\"@context\":\"https:\/\/schema.org\",\"@graph\":[{\"@type\":\"WebPage\",\"@id\":\"https:\/\/ehiabarcelona.es\/ca\/avis-legal\/\",\"url\":\"https:\/\/ehiabarcelona.es\/ca\/avis-legal\/\",\"name\":\"Av\u00eds Legal - Ehi\u00e4 yoga y espacios\",\"isPartOf\":{\"@id\":\"https:\/\/ehiabarcelona.es\/ca\/#website\"},\"datePublished\":\"2024-02-05T10:02:07+00:00\",\"dateModified\":\"2024-03-04T13:02:50+00:00\",\"breadcrumb\":{\"@id\":\"https:\/\/ehiabarcelona.es\/ca\/avis-legal\/#breadcrumb\"},\"inLanguage\":\"ca\",\"potentialAction\":[{\"@type\":\"ReadAction\",\"target\":[\"https:\/\/ehiabarcelona.es\/ca\/avis-legal\/\"]}]},{\"@type\":\"BreadcrumbList\",\"@id\":\"https:\/\/ehiabarcelona.es\/ca\/avis-legal\/#breadcrumb\",\"itemListElement\":[{\"@type\":\"ListItem\",\"position\":1,\"name\":\"Portada\",\"item\":\"https:\/\/ehiabarcelona.es\/ca\/\"},{\"@type\":\"ListItem\",\"position\":2,\"name\":\"Av\u00eds Legal\"}]},{\"@type\":\"WebSite\",\"@id\":\"https:\/\/ehiabarcelona.es\/ca\/#website\",\"url\":\"https:\/\/ehiabarcelona.es\/ca\/\",\"name\":\"Ehi\u00e4 Yoga Barcelona\",\"description\":\"Ehi\u00e4 Ioga, ter\u00e0pies i lloguer d&#039;espais a Barcelona.\",\"publisher\":{\"@id\":\"https:\/\/ehiabarcelona.es\/ca\/#organization\"},\"alternateName\":\"Ehi\u00e4 Yoga y Espacios\",\"potentialAction\":[{\"@type\":\"SearchAction\",\"target\":{\"@type\":\"EntryPoint\",\"urlTemplate\":\"https:\/\/ehiabarcelona.es\/ca\/?s={search_term_string}\"},\"query-input\":{\"@type\":\"PropertyValueSpecification\",\"valueRequired\":true,\"valueName\":\"search_term_string\"}}],\"inLanguage\":\"ca\"},{\"@type\":\"Organization\",\"@id\":\"https:\/\/ehiabarcelona.es\/ca\/#organization\",\"name\":\"Ehi\u00e4 Yoga\",\"alternateName\":\"Ehi\u00e4\",\"url\":\"https:\/\/ehiabarcelona.es\/ca\/\",\"logo\":{\"@type\":\"ImageObject\",\"inLanguage\":\"ca\",\"@id\":\"https:\/\/ehiabarcelona.es\/ca\/#\/schema\/logo\/image\/\",\"url\":\"https:\/\/ehiabarcelona.es\/wp-content\/uploads\/2024\/01\/logo-marron.png\",\"contentUrl\":\"https:\/\/ehiabarcelona.es\/wp-content\/uploads\/2024\/01\/logo-marron.png\",\"width\":801,\"height\":801,\"caption\":\"Ehi\u00e4 Yoga\"},\"image\":{\"@id\":\"https:\/\/ehiabarcelona.es\/ca\/#\/schema\/logo\/image\/\"},\"sameAs\":[\"https:\/\/www.instagram.com\/ehia.yoga\/\"]}]}<\/script>\n<!-- \/ Yoast SEO plugin. -->","yoast_head_json":{"title":"Av\u00eds Legal - Ehi\u00e4 yoga y espacios","robots":{"index":"noindex","follow":"follow"},"og_locale":"ca_ES","og_type":"article","og_title":"Av\u00eds Legal - Ehi\u00e4 yoga y espacios","og_description":"Av\u00eds Legal Dades del Responsable Identitat del Responsable: EHIA S.C.P Nom comercial: EHIA IOGA NIF\/CIF: J67219519 Adre\u00e7a: Duquessa d&#8217;Orleans 40-46 baixos, Barcelona (Barcelona, ESPANYA) Correu electr\u00f2nic: ehiabcn@gmail.com Inscrita en el Registre Mercantil de Barcelona, en el 2019 En aquest espai, l&#8217;usuari, podr\u00e0 trobar tota la informaci\u00f3 relativa als termes i condicions legals que defineixen les [&hellip;]","og_url":"https:\/\/ehiabarcelona.es\/ca\/avis-legal\/","og_site_name":"Ehi\u00e4 yoga y espacios","article_modified_time":"2024-03-04T13:02:50+00:00","og_image":[{"width":2560,"height":1709,"url":"https:\/\/ehiabarcelona.es\/wp-content\/uploads\/2024\/01\/DSC4433-scaled.jpg","type":"image\/jpeg"}],"twitter_card":"summary_large_image","twitter_misc":{"Temps estimat de lectura":"7 minuts"},"schema":{"@context":"https:\/\/schema.org","@graph":[{"@type":"WebPage","@id":"https:\/\/ehiabarcelona.es\/ca\/avis-legal\/","url":"https:\/\/ehiabarcelona.es\/ca\/avis-legal\/","name":"Av\u00eds Legal - Ehi\u00e4 yoga y espacios","isPartOf":{"@id":"https:\/\/ehiabarcelona.es\/ca\/#website"},"datePublished":"2024-02-05T10:02:07+00:00","dateModified":"2024-03-04T13:02:50+00:00","breadcrumb":{"@id":"https:\/\/ehiabarcelona.es\/ca\/avis-legal\/#breadcrumb"},"inLanguage":"ca","potentialAction":[{"@type":"ReadAction","target":["https:\/\/ehiabarcelona.es\/ca\/avis-legal\/"]}]},{"@type":"BreadcrumbList","@id":"https:\/\/ehiabarcelona.es\/ca\/avis-legal\/#breadcrumb","itemListElement":[{"@type":"ListItem","position":1,"name":"Portada","item":"https:\/\/ehiabarcelona.es\/ca\/"},{"@type":"ListItem","position":2,"name":"Av\u00eds Legal"}]},{"@type":"WebSite","@id":"https:\/\/ehiabarcelona.es\/ca\/#website","url":"https:\/\/ehiabarcelona.es\/ca\/","name":"Ehi\u00e4 Yoga Barcelona","description":"Ehi\u00e4 Ioga, ter\u00e0pies i lloguer d&#039;espais a Barcelona.","publisher":{"@id":"https:\/\/ehiabarcelona.es\/ca\/#organization"},"alternateName":"Ehi\u00e4 Yoga y Espacios","potentialAction":[{"@type":"SearchAction","target":{"@type":"EntryPoint","urlTemplate":"https:\/\/ehiabarcelona.es\/ca\/?s={search_term_string}"},"query-input":{"@type":"PropertyValueSpecification","valueRequired":true,"valueName":"search_term_string"}}],"inLanguage":"ca"},{"@type":"Organization","@id":"https:\/\/ehiabarcelona.es\/ca\/#organization","name":"Ehi\u00e4 Yoga","alternateName":"Ehi\u00e4","url":"https:\/\/ehiabarcelona.es\/ca\/","logo":{"@type":"ImageObject","inLanguage":"ca","@id":"https:\/\/ehiabarcelona.es\/ca\/#\/schema\/logo\/image\/","url":"https:\/\/ehiabarcelona.es\/wp-content\/uploads\/2024\/01\/logo-marron.png","contentUrl":"https:\/\/ehiabarcelona.es\/wp-content\/uploads\/2024\/01\/logo-marron.png","width":801,"height":801,"caption":"Ehi\u00e4 Yoga"},"image":{"@id":"https:\/\/ehiabarcelona.es\/ca\/#\/schema\/logo\/image\/"},"sameAs":["https:\/\/www.instagram.com\/ehia.yoga\/"]}]}},"_links":{"self":[{"href":"https:\/\/ehiabarcelona.es\/ca\/wp-json\/wp\/v2\/pages\/3553","targetHints":{"allow":["GET"]}}],"collection":[{"href":"https:\/\/ehiabarcelona.es\/ca\/wp-json\/wp\/v2\/pages"}],"about":[{"href":"https:\/\/ehiabarcelona.es\/ca\/wp-json\/wp\/v2\/types\/page"}],"author":[{"embeddable":true,"href":"https:\/\/ehiabarcelona.es\/ca\/wp-json\/wp\/v2\/users\/2"}],"replies":[{"embeddable":true,"href":"https:\/\/ehiabarcelona.es\/ca\/wp-json\/wp\/v2\/comments?post=3553"}],"version-history":[{"count":1,"href":"https:\/\/ehiabarcelona.es\/ca\/wp-json\/wp\/v2\/pages\/3553\/revisions"}],"predecessor-version":[{"id":3554,"href":"https:\/\/ehiabarcelona.es\/ca\/wp-json\/wp\/v2\/pages\/3553\/revisions\/3554"}],"wp:attachment":[{"href":"https:\/\/ehiabarcelona.es\/ca\/wp-json\/wp\/v2\/media?parent=3553"}],"curies":[{"name":"wp","href":"https:\/\/api.w.org\/{rel}","templated":true}]}}