{"id":3551,"date":"2024-01-02T18:55:50","date_gmt":"2024-01-02T18:55:50","guid":{"rendered":"https:\/\/ehiabarcelona.es\/contacte"},"modified":"2026-04-08T11:58:22","modified_gmt":"2026-04-08T11:58:22","slug":"contacte","status":"publish","type":"page","link":"https:\/\/ehiabarcelona.es\/ca\/contacte\/","title":{"rendered":"Contacte"},"content":{"rendered":"\t\t<div data-elementor-type=\"wp-page\" data-elementor-id=\"3551\" class=\"elementor elementor-3551 elementor-162\" data-elementor-post-type=\"page\">\n\t\t\t\t<div class=\"elementor-element elementor-element-3aec8e6 e-con-full e-flex e-con e-parent\" data-id=\"3aec8e6\" data-element_type=\"container\" data-settings=\"{&quot;background_background&quot;:&quot;classic&quot;}\">\n\t\t\t\t<div class=\"elementor-element elementor-element-be77a1b elementor-widget elementor-widget-heading\" data-id=\"be77a1b\" data-element_type=\"widget\" data-widget_type=\"heading.default\">\n\t\t\t\t<div class=\"elementor-widget-container\">\n\t\t\t\t\t<h1 class=\"elementor-heading-title elementor-size-default\">Contacta amb Ehi\u00e4<\/h1>\t\t\t\t<\/div>\n\t\t\t\t<\/div>\n\t\t\t\t<div class=\"elementor-element elementor-element-f0a2169 elementor-widget elementor-widget-heading\" data-id=\"f0a2169\" data-element_type=\"widget\" data-widget_type=\"heading.default\">\n\t\t\t\t<div class=\"elementor-widget-container\">\n\t\t\t\t\t<h2 class=\"elementor-heading-title elementor-size-default\">Que l'amor propi sigui una pr\u00e0ctica di\u00e0ria\n<\/h2>\t\t\t\t<\/div>\n\t\t\t\t<\/div>\n\t\t\t\t<div class=\"elementor-element elementor-element-40e3758 elementor-widget elementor-widget-text-editor\" data-id=\"40e3758\" data-element_type=\"widget\" data-widget_type=\"text-editor.default\">\n\t\t\t\t<div class=\"elementor-widget-container\">\n\t\t\t\t\t\t\t\t\t<p>Un projecte al servei de l&#8217;amor, la cura i el creixement. Ehi\u00e4 s&#8217;expandeix dia a dia i nosaltres tamb\u00e9. Contacta amb Ehi\u00e4!<\/p>\n\t\t\t\t\t\t\t\t<\/div>\n\t\t\t\t<\/div>\n\t\t<div class=\"elementor-element elementor-element-97e9270 e-con-full e-flex e-con e-child\" data-id=\"97e9270\" data-element_type=\"container\">\n\t\t<div class=\"elementor-element elementor-element-d7b7e0d e-flex e-con-boxed e-con e-child\" data-id=\"d7b7e0d\" data-element_type=\"container\" data-settings=\"{&quot;background_background&quot;:&quot;classic&quot;}\">\n\t\t\t\t\t<div class=\"e-con-inner\">\n\t\t\t\t<div class=\"elementor-element elementor-element-89717ec elementor-widget elementor-widget-shortcode\" data-id=\"89717ec\" data-element_type=\"widget\" data-widget_type=\"shortcode.default\">\n\t\t\t\t<div class=\"elementor-widget-container\">\n\t\t\t\t\t\t\t<div class=\"elementor-shortcode\"><div class='fluentform ff-default fluentform_wrapper_4 ffs_default_wrap'><form data-form_id=\"4\" id=\"fluentform_4\" class=\"frm-fluent-form fluent_form_4 ff-el-form-top ff_form_instance_4_1 ff-form-loading ff_has_v3_recptcha ffs_default\" data-form_instance=\"ff_form_instance_4_1\" method=\"POST\" data-recptcha_key=\"6LcG81gsAAAAAKlpHtW_YMX4uRc_nfpoiDR5VCcP\" ><fieldset  style=\"border: none!important;margin: 0!important;padding: 0!important;background-color: transparent!important;box-shadow: none!important;outline: none!important; min-inline-size: 100%;\">\n                    <legend class=\"ff_screen_reader_title\" style=\"display: block; margin: 0!important;padding: 0!important;height: 0!important;text-indent: -999999px;width: 0!important;overflow:hidden;\">CA - Form<\/legend><input type='hidden' name='__fluent_form_embded_post_id' value='3551' \/><input type=\"hidden\" id=\"_fluentform_4_fluentformnonce\" name=\"_fluentform_4_fluentformnonce\" value=\"bf654a4cd6\" \/><input type=\"hidden\" name=\"_wp_http_referer\" value=\"\/ca\/wp-json\/wp\/v2\/pages\/3551\" \/><div data-type=\"name-element\" data-name=\"names\" class=\" ff-field_container ff-name-field-wrapper\" ><div class='ff-t-container'><div class='ff-t-cell '><div class='ff-el-group ff-el-form-top'><div class=\"ff-el-input--label ff-el-is-required asterisk-right\"><label for='ff_4_names_first_name_' id='label_ff_4_names_first_name_' >Nom<\/label><\/div><div class='ff-el-input--content'><input type=\"text\" name=\"names[first_name]\" id=\"ff_4_names_first_name_\" class=\"ff-el-form-control\" placeholder=\"Introdueix el teu nom\" aria-invalid=\"false\" aria-required=true><\/div><\/div><\/div><div class='ff-t-cell '><div class='ff-el-group ff-el-form-top'><div class=\"ff-el-input--label asterisk-right\"><label for='ff_4_names_last_name_' id='label_ff_4_names_last_name_' >Cognoms<\/label><\/div><div class='ff-el-input--content'><input type=\"text\" name=\"names[last_name]\" id=\"ff_4_names_last_name_\" class=\"ff-el-form-control\" placeholder=\"Aquest camp \u00e9s obligatori\" aria-invalid=\"false\" aria-required=false><\/div><\/div><\/div><\/div><\/div><div class='ff-el-group'><div class=\"ff-el-input--label ff-el-is-required asterisk-right\"><label for='ff_4_email' id='label_ff_4_email' aria-label=\"Correu electr\u00f2nic\">Correu electr\u00f2nic<\/label><\/div><div class='ff-el-input--content'><input type=\"email\" name=\"email\" id=\"ff_4_email\" class=\"ff-el-form-control\" placeholder=\"Correu electr\u00f2nic\" data-name=\"email\"  aria-invalid=\"false\" aria-required=true><\/div><\/div><div class='ff-el-group'><div class=\"ff-el-input--label ff-el-is-required asterisk-right\"><label for='ff_4_description' id='label_ff_4_description' aria-label=\"Missatge\">Missatge<\/label><\/div><div class='ff-el-input--content'><textarea aria-required=\"true\" aria-labelledby=\"label_ff_4_description\" name=\"description\" id=\"ff_4_description\" class=\"ff-el-form-control\" rows=\"3\" cols=\"2\" data-name=\"description\" ><\/textarea><\/div><\/div><div class='ff-el-group    ff-el-input--content'><div class='ff-el-form-check ff-el-tc'><label aria-label='Terms and Conditions: He llegit i accepto la pol\u00edtica de privadesa Contains 1 link. Use tab navigation to review.' class='ff-el-form-check-label ff_tc_label' for=terms-n-condition_fd368ab2ae1bdd2dbc5652438140ca81><span class='ff_tc_checkbox'><input type=\"checkbox\" name=\"terms-n-condition\" class=\"ff-el-form-check-input\" data-name=\"terms-n-condition\" id=\"terms-n-condition_fd368ab2ae1bdd2dbc5652438140ca81\"  value='on' aria-invalid='false' aria-required=true><\/span> <div class='ff_t_c'><p>He llegit i accepto la <a href=\"https:\/\/ehiabarcelona.es\/politica-de-privacidad\/\">pol\u00edtica de privadesa<\/a><\/p><\/div><\/label><\/div><\/div><div class='ff-el-group ff-text-left ff_submit_btn_wrapper'><button type=\"submit\" class=\"ff-btn ff-btn-submit ff-btn-md ff_btn_style\"  aria-label=\"Enviar\">Enviar<\/button><\/div><\/fieldset><\/form><div id='fluentform_4_errors' class='ff-errors-in-stack ff_form_instance_4_1 ff-form-loading_errors ff_form_instance_4_1_errors'><\/div><\/div>            <script type=\"text\/javascript\">\n                window.fluent_form_ff_form_instance_4_1 = {\"id\":\"4\",\"settings\":{\"layout\":{\"labelPlacement\":\"top\",\"asteriskPlacement\":\"asterisk-right\",\"helpMessagePlacement\":\"with_label\",\"errorMessagePlacement\":\"inline\",\"cssClassName\":\"\"},\"restrictions\":{\"denyEmptySubmission\":{\"enabled\":false}}},\"form_instance\":\"ff_form_instance_4_1\",\"form_id_selector\":\"fluentform_4\",\"rules\":{\"names[first_name]\":{\"required\":{\"value\":true,\"message\":\"Aquest camp \\u00e9s obligatori\",\"global_message\":\"Este campo es obligatorio\",\"global\":false}},\"names[middle_name]\":{\"required\":{\"value\":false,\"message\":\"This field is required\",\"global_message\":\"Este campo es obligatorio\",\"global\":true}},\"names[last_name]\":{\"required\":{\"value\":false,\"message\":\"This field is required\",\"global_message\":\"Este campo es obligatorio\",\"global\":true}},\"email\":{\"required\":{\"value\":true,\"message\":\"Aquest camp \\u00e9s obligatori\",\"global_message\":\"Este campo es obligatorio\",\"global\":false},\"email\":{\"value\":true,\"message\":\"Introdueix un correu electr\\u00f2nic v\\u00e0lid\",\"global_message\":\"Este campo debe contener un correo electr\\u00f3nico v\\u00e1lido\",\"global\":false}},\"description\":{\"required\":{\"value\":true,\"message\":\"Aquest camp \\u00e9s obligatori\",\"global_message\":\"Este campo es obligatorio\",\"global\":false}},\"terms-n-condition\":{\"required\":{\"value\":true,\"message\":\"This field is required\",\"global_message\":\"Este campo es obligatorio\",\"global\":true}},\"g-recaptcha-response\":[]},\"debounce_time\":300};\n                            <\/script>\n            <\/div>\n\t\t\t\t\t\t<\/div>\n\t\t\t\t<\/div>\n\t\t\t\t\t<\/div>\n\t\t\t\t<\/div>\n\t\t<a class=\"elementor-element elementor-element-9974823 e-flex e-con-boxed e-con e-child\" data-id=\"9974823\" data-element_type=\"container\" data-settings=\"{&quot;background_background&quot;:&quot;classic&quot;}\">\n\t\t\t\t\t<div class=\"e-con-inner\">\n\t\t\t\t\t<\/div>\n\t\t\t\t<\/a>\n\t\t\t\t<\/div>\n\t\t\t\t<\/div>\n\t\t<div class=\"elementor-element elementor-element-8321938 e-con-full e-flex e-con e-parent\" data-id=\"8321938\" data-element_type=\"container\">\n\t\t<div class=\"elementor-element elementor-element-3c54a01 e-con-full e-flex e-con e-child\" data-id=\"3c54a01\" data-element_type=\"container\">\n\t\t<div class=\"elementor-element elementor-element-01e7b9a e-con-full e-flex e-con e-child\" data-id=\"01e7b9a\" data-element_type=\"container\" data-settings=\"{&quot;background_background&quot;:&quot;classic&quot;}\">\n\t\t\t\t<div class=\"elementor-element elementor-element-922fbc3 elementor-widget elementor-widget-heading\" data-id=\"922fbc3\" data-element_type=\"widget\" data-widget_type=\"heading.default\">\n\t\t\t\t<div class=\"elementor-widget-container\">\n\t\t\t\t\t<h2 class=\"elementor-heading-title elementor-size-default\">On Estem<\/h2>\t\t\t\t<\/div>\n\t\t\t\t<\/div>\n\t\t\t\t<div class=\"elementor-element elementor-element-e9c264f elementor-widget elementor-widget-text-editor\" data-id=\"e9c264f\" data-element_type=\"widget\" data-widget_type=\"text-editor.default\">\n\t\t\t\t<div class=\"elementor-widget-container\">\n\t\t\t\t\t\t\t\t\t<p>Ens situem just davant de la parada de ferrocarrils Reina Elisenda. Tots dos centres. C\/Duquessa d\u2019Orleans 40-46 baixos. Local 1 (Ehi\u00e4 Ioga) i local 3 (Ehi\u00e4 Espais).<\/p>\n\t\t\t\t\t\t\t\t<\/div>\n\t\t\t\t<\/div>\n\t\t\t\t<div class=\"elementor-element elementor-element-798e6a0 elementor-widget elementor-widget-google_maps\" data-id=\"798e6a0\" data-element_type=\"widget\" data-widget_type=\"google_maps.default\">\n\t\t\t\t<div class=\"elementor-widget-container\">\n\t\t\t\t\t\t\t<div class=\"elementor-custom-embed\">\n\t\t\t<iframe loading=\"lazy\"\n\t\t\t\t\tsrc=\"https:\/\/maps.google.com\/maps?q=C%2FDuquessa%20d%E2%80%99Orleans%2040-46%20bajos.%20Local%201%2C&#038;t=m&#038;z=18&#038;output=embed&#038;iwloc=near\"\n\t\t\t\t\ttitle=\"C\/Duquessa d\u2019Orleans 40-46 bajos. Local 1,\"\n\t\t\t\t\taria-label=\"C\/Duquessa d\u2019Orleans 40-46 bajos. Local 1,\"\n\t\t\t><\/iframe>\n\t\t<\/div>\n\t\t\t\t\t\t<\/div>\n\t\t\t\t<\/div>\n\t\t\t\t<\/div>\n\t\t\t\t<\/div>\n\t\t\t\t<\/div>\n\t\t\t\t<\/div>\n\t\t","protected":false},"excerpt":{"rendered":"<p>Contacta amb Ehi\u00e4 Que l&#8217;amor propi sigui una pr\u00e0ctica di\u00e0ria Un projecte al servei de l&#8217;amor, la cura i el creixement. Ehi\u00e4 s&#8217;expandeix dia a dia i nosaltres tamb\u00e9. Contacta amb Ehi\u00e4! On Estem Ens situem just davant de la parada de ferrocarrils Reina Elisenda. Tots dos centres. C\/Duquessa d\u2019Orleans 40-46 baixos. Local 1 (Ehi\u00e4 [&hellip;]<\/p>\n","protected":false},"author":2,"featured_media":3076,"parent":0,"menu_order":0,"comment_status":"closed","ping_status":"closed","template":"elementor_header_footer","meta":{"_acf_changed":false,"_mo_disable_npp":"","footnotes":""},"class_list":["post-3551","page","type-page","status-publish","has-post-thumbnail","hentry"],"acf":[],"yoast_head":"<!-- This site is optimized with the Yoast SEO plugin v24.6 - https:\/\/yoast.com\/wordpress\/plugins\/seo\/ -->\n<title>Contacte - Ehi\u00e4 yoga y espacios<\/title>\n<meta name=\"description\" content=\"Contacta amb Ehi\u00e4! Troba equilibri i benestar amb el nostre equip d&#039;experts en ioga, ter\u00e0pies i lloguer d&#039;espais.\" \/>\n<meta name=\"robots\" content=\"index, follow, max-snippet:-1, max-image-preview:large, max-video-preview:-1\" \/>\n<link rel=\"canonical\" href=\"https:\/\/ehiabarcelona.es\/ca\/contacte\/\" \/>\n<meta property=\"og:locale\" content=\"ca_ES\" \/>\n<meta property=\"og:type\" content=\"article\" \/>\n<meta property=\"og:title\" content=\"Contacte - Ehi\u00e4 yoga y espacios\" \/>\n<meta property=\"og:description\" content=\"Contacta amb Ehi\u00e4! Troba equilibri i benestar amb el nostre equip d&#039;experts en ioga, ter\u00e0pies i lloguer d&#039;espais.\" \/>\n<meta property=\"og:url\" content=\"https:\/\/ehiabarcelona.es\/ca\/contacte\/\" \/>\n<meta property=\"og:site_name\" content=\"Ehi\u00e4 yoga y espacios\" \/>\n<meta property=\"article:modified_time\" content=\"2026-04-08T11:58:22+00:00\" \/>\n<meta property=\"og:image\" content=\"https:\/\/ehiabarcelona.es\/wp-content\/uploads\/2024\/01\/DSC3564-scaled.jpg\" \/>\n\t<meta property=\"og:image:width\" content=\"1709\" \/>\n\t<meta property=\"og:image:height\" content=\"2560\" \/>\n\t<meta property=\"og:image:type\" content=\"image\/jpeg\" \/>\n<meta name=\"twitter:card\" content=\"summary_large_image\" \/>\n<meta name=\"twitter:label1\" content=\"Temps estimat de lectura\" \/>\n\t<meta name=\"twitter:data1\" content=\"1 minut\" \/>\n<script type=\"application\/ld+json\" class=\"yoast-schema-graph\">{\"@context\":\"https:\/\/schema.org\",\"@graph\":[{\"@type\":\"WebPage\",\"@id\":\"https:\/\/ehiabarcelona.es\/ca\/contacte\/\",\"url\":\"https:\/\/ehiabarcelona.es\/ca\/contacte\/\",\"name\":\"Contacte - Ehi\u00e4 yoga y espacios\",\"isPartOf\":{\"@id\":\"https:\/\/ehiabarcelona.es\/ca\/#website\"},\"primaryImageOfPage\":{\"@id\":\"https:\/\/ehiabarcelona.es\/ca\/contacte\/#primaryimage\"},\"image\":{\"@id\":\"https:\/\/ehiabarcelona.es\/ca\/contacte\/#primaryimage\"},\"thumbnailUrl\":\"https:\/\/ehiabarcelona.es\/wp-content\/uploads\/2024\/01\/DSC3564-scaled.jpg\",\"datePublished\":\"2024-01-02T18:55:50+00:00\",\"dateModified\":\"2026-04-08T11:58:22+00:00\",\"description\":\"Contacta amb Ehi\u00e4! Troba equilibri i benestar amb el nostre equip d'experts en ioga, ter\u00e0pies i lloguer d'espais.\",\"breadcrumb\":{\"@id\":\"https:\/\/ehiabarcelona.es\/ca\/contacte\/#breadcrumb\"},\"inLanguage\":\"ca\",\"potentialAction\":[{\"@type\":\"ReadAction\",\"target\":[\"https:\/\/ehiabarcelona.es\/ca\/contacte\/\"]}]},{\"@type\":\"ImageObject\",\"inLanguage\":\"ca\",\"@id\":\"https:\/\/ehiabarcelona.es\/ca\/contacte\/#primaryimage\",\"url\":\"https:\/\/ehiabarcelona.es\/wp-content\/uploads\/2024\/01\/DSC3564-scaled.jpg\",\"contentUrl\":\"https:\/\/ehiabarcelona.es\/wp-content\/uploads\/2024\/01\/DSC3564-scaled.jpg\",\"width\":1709,\"height\":2560,\"caption\":\"Contacto. Ehi\u00e4 Yoga Barcelona. Yoga Terapias y alquiler de espacios.\"},{\"@type\":\"BreadcrumbList\",\"@id\":\"https:\/\/ehiabarcelona.es\/ca\/contacte\/#breadcrumb\",\"itemListElement\":[{\"@type\":\"ListItem\",\"position\":1,\"name\":\"Portada\",\"item\":\"https:\/\/ehiabarcelona.es\/ca\/\"},{\"@type\":\"ListItem\",\"position\":2,\"name\":\"Contacte\"}]},{\"@type\":\"WebSite\",\"@id\":\"https:\/\/ehiabarcelona.es\/ca\/#website\",\"url\":\"https:\/\/ehiabarcelona.es\/ca\/\",\"name\":\"Ehi\u00e4 Yoga Barcelona\",\"description\":\"Ehi\u00e4 Ioga, ter\u00e0pies i lloguer d&#039;espais a Barcelona.\",\"publisher\":{\"@id\":\"https:\/\/ehiabarcelona.es\/ca\/#organization\"},\"alternateName\":\"Ehi\u00e4 Yoga y Espacios\",\"potentialAction\":[{\"@type\":\"SearchAction\",\"target\":{\"@type\":\"EntryPoint\",\"urlTemplate\":\"https:\/\/ehiabarcelona.es\/ca\/?s={search_term_string}\"},\"query-input\":{\"@type\":\"PropertyValueSpecification\",\"valueRequired\":true,\"valueName\":\"search_term_string\"}}],\"inLanguage\":\"ca\"},{\"@type\":\"Organization\",\"@id\":\"https:\/\/ehiabarcelona.es\/ca\/#organization\",\"name\":\"Ehi\u00e4 Yoga\",\"alternateName\":\"Ehi\u00e4\",\"url\":\"https:\/\/ehiabarcelona.es\/ca\/\",\"logo\":{\"@type\":\"ImageObject\",\"inLanguage\":\"ca\",\"@id\":\"https:\/\/ehiabarcelona.es\/ca\/#\/schema\/logo\/image\/\",\"url\":\"https:\/\/ehiabarcelona.es\/wp-content\/uploads\/2024\/01\/logo-marron.png\",\"contentUrl\":\"https:\/\/ehiabarcelona.es\/wp-content\/uploads\/2024\/01\/logo-marron.png\",\"width\":801,\"height\":801,\"caption\":\"Ehi\u00e4 Yoga\"},\"image\":{\"@id\":\"https:\/\/ehiabarcelona.es\/ca\/#\/schema\/logo\/image\/\"},\"sameAs\":[\"https:\/\/www.instagram.com\/ehia.yoga\/\"]}]}<\/script>\n<!-- \/ Yoast SEO plugin. -->","yoast_head_json":{"title":"Contacte - Ehi\u00e4 yoga y espacios","description":"Contacta amb Ehi\u00e4! Troba equilibri i benestar amb el nostre equip d'experts en ioga, ter\u00e0pies i lloguer d'espais.","robots":{"index":"index","follow":"follow","max-snippet":"max-snippet:-1","max-image-preview":"max-image-preview:large","max-video-preview":"max-video-preview:-1"},"canonical":"https:\/\/ehiabarcelona.es\/ca\/contacte\/","og_locale":"ca_ES","og_type":"article","og_title":"Contacte - Ehi\u00e4 yoga y espacios","og_description":"Contacta amb Ehi\u00e4! Troba equilibri i benestar amb el nostre equip d'experts en ioga, ter\u00e0pies i lloguer d'espais.","og_url":"https:\/\/ehiabarcelona.es\/ca\/contacte\/","og_site_name":"Ehi\u00e4 yoga y espacios","article_modified_time":"2026-04-08T11:58:22+00:00","og_image":[{"width":1709,"height":2560,"url":"https:\/\/ehiabarcelona.es\/wp-content\/uploads\/2024\/01\/DSC3564-scaled.jpg","type":"image\/jpeg"}],"twitter_card":"summary_large_image","twitter_misc":{"Temps estimat de lectura":"1 minut"},"schema":{"@context":"https:\/\/schema.org","@graph":[{"@type":"WebPage","@id":"https:\/\/ehiabarcelona.es\/ca\/contacte\/","url":"https:\/\/ehiabarcelona.es\/ca\/contacte\/","name":"Contacte - Ehi\u00e4 yoga y espacios","isPartOf":{"@id":"https:\/\/ehiabarcelona.es\/ca\/#website"},"primaryImageOfPage":{"@id":"https:\/\/ehiabarcelona.es\/ca\/contacte\/#primaryimage"},"image":{"@id":"https:\/\/ehiabarcelona.es\/ca\/contacte\/#primaryimage"},"thumbnailUrl":"https:\/\/ehiabarcelona.es\/wp-content\/uploads\/2024\/01\/DSC3564-scaled.jpg","datePublished":"2024-01-02T18:55:50+00:00","dateModified":"2026-04-08T11:58:22+00:00","description":"Contacta amb Ehi\u00e4! Troba equilibri i benestar amb el nostre equip d'experts en ioga, ter\u00e0pies i lloguer d'espais.","breadcrumb":{"@id":"https:\/\/ehiabarcelona.es\/ca\/contacte\/#breadcrumb"},"inLanguage":"ca","potentialAction":[{"@type":"ReadAction","target":["https:\/\/ehiabarcelona.es\/ca\/contacte\/"]}]},{"@type":"ImageObject","inLanguage":"ca","@id":"https:\/\/ehiabarcelona.es\/ca\/contacte\/#primaryimage","url":"https:\/\/ehiabarcelona.es\/wp-content\/uploads\/2024\/01\/DSC3564-scaled.jpg","contentUrl":"https:\/\/ehiabarcelona.es\/wp-content\/uploads\/2024\/01\/DSC3564-scaled.jpg","width":1709,"height":2560,"caption":"Contacto. Ehi\u00e4 Yoga Barcelona. Yoga Terapias y alquiler de espacios."},{"@type":"BreadcrumbList","@id":"https:\/\/ehiabarcelona.es\/ca\/contacte\/#breadcrumb","itemListElement":[{"@type":"ListItem","position":1,"name":"Portada","item":"https:\/\/ehiabarcelona.es\/ca\/"},{"@type":"ListItem","position":2,"name":"Contacte"}]},{"@type":"WebSite","@id":"https:\/\/ehiabarcelona.es\/ca\/#website","url":"https:\/\/ehiabarcelona.es\/ca\/","name":"Ehi\u00e4 Yoga Barcelona","description":"Ehi\u00e4 Ioga, ter\u00e0pies i lloguer d&#039;espais a Barcelona.","publisher":{"@id":"https:\/\/ehiabarcelona.es\/ca\/#organization"},"alternateName":"Ehi\u00e4 Yoga y Espacios","potentialAction":[{"@type":"SearchAction","target":{"@type":"EntryPoint","urlTemplate":"https:\/\/ehiabarcelona.es\/ca\/?s={search_term_string}"},"query-input":{"@type":"PropertyValueSpecification","valueRequired":true,"valueName":"search_term_string"}}],"inLanguage":"ca"},{"@type":"Organization","@id":"https:\/\/ehiabarcelona.es\/ca\/#organization","name":"Ehi\u00e4 Yoga","alternateName":"Ehi\u00e4","url":"https:\/\/ehiabarcelona.es\/ca\/","logo":{"@type":"ImageObject","inLanguage":"ca","@id":"https:\/\/ehiabarcelona.es\/ca\/#\/schema\/logo\/image\/","url":"https:\/\/ehiabarcelona.es\/wp-content\/uploads\/2024\/01\/logo-marron.png","contentUrl":"https:\/\/ehiabarcelona.es\/wp-content\/uploads\/2024\/01\/logo-marron.png","width":801,"height":801,"caption":"Ehi\u00e4 Yoga"},"image":{"@id":"https:\/\/ehiabarcelona.es\/ca\/#\/schema\/logo\/image\/"},"sameAs":["https:\/\/www.instagram.com\/ehia.yoga\/"]}]}},"_links":{"self":[{"href":"https:\/\/ehiabarcelona.es\/ca\/wp-json\/wp\/v2\/pages\/3551","targetHints":{"allow":["GET"]}}],"collection":[{"href":"https:\/\/ehiabarcelona.es\/ca\/wp-json\/wp\/v2\/pages"}],"about":[{"href":"https:\/\/ehiabarcelona.es\/ca\/wp-json\/wp\/v2\/types\/page"}],"author":[{"embeddable":true,"href":"https:\/\/ehiabarcelona.es\/ca\/wp-json\/wp\/v2\/users\/2"}],"replies":[{"embeddable":true,"href":"https:\/\/ehiabarcelona.es\/ca\/wp-json\/wp\/v2\/comments?post=3551"}],"version-history":[{"count":25,"href":"https:\/\/ehiabarcelona.es\/ca\/wp-json\/wp\/v2\/pages\/3551\/revisions"}],"predecessor-version":[{"id":6148,"href":"https:\/\/ehiabarcelona.es\/ca\/wp-json\/wp\/v2\/pages\/3551\/revisions\/6148"}],"wp:featuredmedia":[{"embeddable":true,"href":"https:\/\/ehiabarcelona.es\/ca\/wp-json\/wp\/v2\/media\/3076"}],"wp:attachment":[{"href":"https:\/\/ehiabarcelona.es\/ca\/wp-json\/wp\/v2\/media?parent=3551"}],"curies":[{"name":"wp","href":"https:\/\/api.w.org\/{rel}","templated":true}]}}